{"id":3114,"date":"2022-12-21T14:00:20","date_gmt":"2022-12-21T14:00:20","guid":{"rendered":"https:\/\/www.gradiant.com\/?page_id=3114"},"modified":"2025-12-05T05:20:55","modified_gmt":"2025-12-05T10:20:55","slug":"lieferantenportal","status":"publish","type":"page","link":"https:\/\/www.gradiant.com\/de\/supplier-center\/","title":{"rendered":"Lieferantenportal"},"content":{"rendered":"<div data-elementor-type=\"wp-page\" data-elementor-id=\"3114\" class=\"elementor elementor-3114\" data-elementor-post-type=\"page\">\n\t\t\t\t\t\t<section class=\"elementor-section elementor-top-section elementor-element elementor-element-6f65788 elementor-section-content-middle elementor-section-boxed elementor-section-height-default elementor-section-height-default\" data-id=\"6f65788\" data-element_type=\"section\" data-e-type=\"section\" data-settings=\"{&quot;background_background&quot;:&quot;classic&quot;}\">\n\t\t\t\t\t\t<div class=\"elementor-container elementor-column-gap-default\">\n\t\t\t\t\t<div class=\"elementor-column elementor-col-100 elementor-top-column elementor-element elementor-element-eac0131\" data-id=\"eac0131\" data-element_type=\"column\" data-e-type=\"column\">\n\t\t\t<div class=\"elementor-widget-wrap elementor-element-populated\">\n\t\t\t\t\t\t<div class=\"elementor-element elementor-element-19a8305 elementor-invisible elementor-widget elementor-widget-heading\" data-id=\"19a8305\" data-element_type=\"widget\" data-e-type=\"widget\" data-settings=\"{&quot;_animation&quot;:&quot;fadeInDown&quot;}\" data-widget_type=\"heading.default\">\n\t\t\t\t\t<h1 class=\"elementor-heading-title elementor-size-default\">Lieferantenportal<\/h1>\t\t\t\t<\/div>\n\t\t\t\t\t<\/div>\n\t\t<\/div>\n\t\t\t\t\t<\/div>\n\t\t<\/section>\n\t\t\t\t<section class=\"elementor-section elementor-top-section elementor-element elementor-element-cd59741 elementor-section-boxed elementor-section-height-default elementor-section-height-default\" data-id=\"cd59741\" data-element_type=\"section\" data-e-type=\"section\">\n\t\t\t\t\t\t<div class=\"elementor-container elementor-column-gap-default\">\n\t\t\t\t\t<div class=\"elementor-column elementor-col-33 elementor-top-column elementor-element elementor-element-56e2e6d\" data-id=\"56e2e6d\" data-element_type=\"column\" data-e-type=\"column\">\n\t\t\t<div class=\"elementor-widget-wrap\">\n\t\t\t\t\t\t\t<\/div>\n\t\t<\/div>\n\t\t\t\t<div class=\"elementor-column elementor-col-33 elementor-top-column elementor-element elementor-element-3c51ec6\" data-id=\"3c51ec6\" data-element_type=\"column\" data-e-type=\"column\">\n\t\t\t<div class=\"elementor-widget-wrap elementor-element-populated\">\n\t\t\t\t\t\t<div class=\"elementor-element elementor-element-c52deac elementor-invisible elementor-widget elementor-widget-heading\" data-id=\"c52deac\" data-element_type=\"widget\" data-e-type=\"widget\" data-settings=\"{&quot;_animation&quot;:&quot;fadeInDown&quot;}\" data-widget_type=\"heading.default\">\n\t\t\t\t\t<h2 class=\"elementor-heading-title elementor-size-default\">Unsere Lieferanten sind f\u00fcr unseren Erfolg unverzichtbar. Wir erwarten, dass sie in unserer gesamten Wertsch\u00f6pfungskette nach den gleichen Standards unternehmerische Verantwortung \u00fcbernehmen.<\/h2>\t\t\t\t<\/div>\n\t\t\t\t\t<\/div>\n\t\t<\/div>\n\t\t\t\t<div class=\"elementor-column elementor-col-33 elementor-top-column elementor-element elementor-element-f862f8d\" data-id=\"f862f8d\" data-element_type=\"column\" data-e-type=\"column\">\n\t\t\t<div class=\"elementor-widget-wrap\">\n\t\t\t\t\t\t\t<\/div>\n\t\t<\/div>\n\t\t\t\t\t<\/div>\n\t\t<\/section>\n\t\t\t\t<section class=\"elementor-section elementor-top-section elementor-element elementor-element-d072182 elementor-section-boxed elementor-section-height-default elementor-section-height-default\" data-id=\"d072182\" data-element_type=\"section\" data-e-type=\"section\">\n\t\t\t\t\t\t<div class=\"elementor-container elementor-column-gap-no\">\n\t\t\t\t\t<div class=\"elementor-column elementor-col-33 elementor-top-column elementor-element elementor-element-b75094f\" data-id=\"b75094f\" data-element_type=\"column\" data-e-type=\"column\">\n\t\t\t<div class=\"elementor-widget-wrap\">\n\t\t\t\t\t\t\t<\/div>\n\t\t<\/div>\n\t\t\t\t<div class=\"elementor-column elementor-col-33 elementor-top-column elementor-element elementor-element-968238b\" data-id=\"968238b\" data-element_type=\"column\" data-e-type=\"column\">\n\t\t\t<div class=\"elementor-widget-wrap elementor-element-populated\">\n\t\t\t\t\t\t<section class=\"elementor-section elementor-inner-section elementor-element elementor-element-987b30b elementor-section-boxed elementor-section-height-default elementor-section-height-default\" data-id=\"987b30b\" data-element_type=\"section\" data-e-type=\"section\">\n\t\t\t\t\t\t<div class=\"elementor-container elementor-column-gap-default\">\n\t\t\t\t\t<div class=\"elementor-column elementor-col-33 elementor-inner-column elementor-element elementor-element-2afc763\" data-id=\"2afc763\" data-element_type=\"column\" data-e-type=\"column\">\n\t\t\t<div class=\"elementor-widget-wrap elementor-element-populated\">\n\t\t\t\t\t\t<div class=\"elementor-element elementor-element-8469f46 elementor-invisible elementor-widget elementor-widget-heading\" data-id=\"8469f46\" data-element_type=\"widget\" data-e-type=\"widget\" data-settings=\"{&quot;_animation&quot;:&quot;fadeInDown&quot;}\" data-widget_type=\"heading.default\">\n\t\t\t\t\t<h2 class=\"elementor-heading-title elementor-size-default\">Unser Anspruch<\/h2>\t\t\t\t<\/div>\n\t\t\t\t<div class=\"elementor-element elementor-element-b14b00a elementor-invisible elementor-widget elementor-widget-text-editor\" data-id=\"b14b00a\" data-element_type=\"widget\" data-e-type=\"widget\" data-settings=\"{&quot;_animation&quot;:&quot;fadeIn&quot;}\" data-widget_type=\"text-editor.default\">\n\t\t\t\t\t\t\t\t\t<p>Diese Webseite bietet Zugang zu Tools und Informationen f\u00fcr bestehende und k\u00fcnftige Lieferanten von Gradiant. Sie soll Ihnen helfen zu verstehen, was wir von unseren Lieferanten erwarten und was Sie von uns erwarten k\u00f6nnen.<\/p>\n<p>\u00a0<\/p>\n<p>Bei Gradiant betrachten wir unsere Lieferanten als Partner f\u00fcr unseren Erfolg als Unternehmen. In unserem Verhaltenskodex und unseren Lieferantengrunds\u00e4tzen sind unsere Erwartungen an die Lieferanten auf der Grundlage unserer Grundwerte dargelegt. Unser Ziel ist es, dass sich unsere Lieferanten diese Werte zu eigen machen und unser Bestreben nach gesch\u00e4ftlicher Integrit\u00e4t und unternehmerischer Verantwortung teilen.<\/p>\n<p>\u00a0<\/p>\n<p>Wir bieten <a href=\"https:\/\/secure.ethicspoint.eu\/domain\/media\/en\/gui\/108077\/index.html\" target=\"_blank\" rel=\"noopener\">EthicsPoint<\/a> an unsere Lieferanten und Mitarbeiter in aller Welt. EthicsPoint ist ein webbasiertes Meldesystem, mit dem Sie Ihre Bedenken vertraulich und anonym mitteilen k\u00f6nnen.<\/p>\t\t\t\t\t\t\t\t<\/div>\n\t\t\t\t\t<\/div>\n\t\t<\/div>\n\t\t\t\t<div class=\"elementor-column elementor-col-33 elementor-inner-column elementor-element elementor-element-ad994e5\" data-id=\"ad994e5\" data-element_type=\"column\" data-e-type=\"column\">\n\t\t\t<div class=\"elementor-widget-wrap\">\n\t\t\t\t\t\t\t<\/div>\n\t\t<\/div>\n\t\t\t\t<div class=\"elementor-column elementor-col-33 elementor-inner-column elementor-element elementor-element-9e0c696\" data-id=\"9e0c696\" data-element_type=\"column\" data-e-type=\"column\">\n\t\t\t<div class=\"elementor-widget-wrap elementor-element-populated\">\n\t\t\t\t\t\t<section class=\"elementor-section elementor-inner-section elementor-element elementor-element-69ee47a box-supplier-center elementor-section-boxed elementor-section-height-default elementor-section-height-default elementor-invisible\" data-id=\"69ee47a\" data-element_type=\"section\" data-e-type=\"section\" data-settings=\"{&quot;animation&quot;:&quot;fadeInDown&quot;,&quot;background_background&quot;:&quot;classic&quot;}\">\n\t\t\t\t\t\t<div class=\"elementor-container elementor-column-gap-default\">\n\t\t\t\t\t<div class=\"elementor-column elementor-col-100 elementor-inner-column elementor-element elementor-element-db4c646\" data-id=\"db4c646\" data-element_type=\"column\" data-e-type=\"column\">\n\t\t\t<div class=\"elementor-widget-wrap elementor-element-populated\">\n\t\t\t\t\t\t<div class=\"elementor-element elementor-element-ff4cd69 elementor-widget elementor-widget-spacer\" data-id=\"ff4cd69\" data-element_type=\"widget\" data-e-type=\"widget\" data-widget_type=\"spacer.default\">\n\t\t\t\t\t\t\t<div class=\"elementor-spacer\">\n\t\t\t<div class=\"elementor-spacer-inner\"><\/div>\n\t\t<\/div>\n\t\t\t\t\t\t<\/div>\n\t\t\t\t<div class=\"elementor-element elementor-element-f05e75a elementor-widget elementor-widget-heading\" data-id=\"f05e75a\" data-element_type=\"widget\" data-e-type=\"widget\" data-widget_type=\"heading.default\">\n\t\t\t\t\t<h2 class=\"elementor-heading-title elementor-size-default\">Informationen f\u00fcr Lieferanten<\/h2>\t\t\t\t<\/div>\n\t\t\t\t<div class=\"elementor-element elementor-element-79ee32e elementor-widget elementor-widget-html\" data-id=\"79ee32e\" data-element_type=\"widget\" data-e-type=\"widget\" data-widget_type=\"html.default\">\n\t\t\t\t\t<svg width=\"100%\" height=\"4\" viewbox=\"0 0 279 4\" fill=\"none\" xmlns=\"http:\/\/www.w3.org\/2000\/svg\">\n<line x1=\"2\" y1=\"2\" x2=\"277\" y2=\"1.99998\" stroke=\"#722CCF\" stroke-width=\"4\" stroke-linecap=\"round\" stroke-dasharray=\"0.1 10\"\/>\n<\/svg>\n\t\t\t\t<\/div>\n\t\t\t\t<div class=\"elementor-element elementor-element-8240661 elementor-widget elementor-widget-text-editor\" data-id=\"8240661\" data-element_type=\"widget\" data-e-type=\"widget\" data-widget_type=\"text-editor.default\">\n\t\t\t\t\t\t\t\t\t<p><a href=\"https:\/\/www.gradiant.com\/wp-content\/uploads\/2023\/04\/220901-COMPL-Code-of-Conduct-EXT_MM-1.pdf\" target=\"_blank\" rel=\"noopener\"><span style=\"text-decoration: underline;\"><span style=\"color: #722ccf; text-decoration: underline;\">Verhaltenskodex<\/span><\/span><\/a><\/p><p><a href=\"https:\/\/www.gradiant.com\/wp-content\/uploads\/2023\/04\/04122023-Business-Integrity-Supplier-Principles.pdf\" target=\"_blank\" rel=\"noopener\"><span style=\"text-decoration: underline;\"><span style=\"color: #722ccf; text-decoration: underline;\">Grunds\u00e4tze f\u00fcr Lieferanten<\/span><\/span><\/a><\/p><p><a href=\"https:\/\/www.gradiant.com\/de\/lieferantenportal\/bedingungen\/\" target=\"_self\" rel=\"noopener\"><span style=\"text-decoration: underline;\"><span style=\"color: #722ccf; text-decoration: underline;\">Allgemeine Gesch\u00e4ftsbedingungen f\u00fcr Lieferanten<\/span><\/span><\/a><\/p>\t\t\t\t\t\t\t\t<\/div>\n\t\t\t\t<div class=\"elementor-element elementor-element-5030955 elementor-widget elementor-widget-spacer\" data-id=\"5030955\" data-element_type=\"widget\" data-e-type=\"widget\" data-widget_type=\"spacer.default\">\n\t\t\t\t\t\t\t<div class=\"elementor-spacer\">\n\t\t\t<div class=\"elementor-spacer-inner\"><\/div>\n\t\t<\/div>\n\t\t\t\t\t\t<\/div>\n\t\t\t\t\t<\/div>\n\t\t<\/div>\n\t\t\t\t\t<\/div>\n\t\t<\/section>\n\t\t\t\t\t<\/div>\n\t\t<\/div>\n\t\t\t\t\t<\/div>\n\t\t<\/section>\n\t\t\t\t\t<\/div>\n\t\t<\/div>\n\t\t\t\t<div class=\"elementor-column elementor-col-33 elementor-top-column elementor-element elementor-element-a1ac2d1\" data-id=\"a1ac2d1\" data-element_type=\"column\" data-e-type=\"column\">\n\t\t\t<div class=\"elementor-widget-wrap\">\n\t\t\t\t\t\t\t<\/div>\n\t\t<\/div>\n\t\t\t\t\t<\/div>\n\t\t<\/section>\n\t\t\t\t<\/div>","protected":false},"excerpt":{"rendered":"<p>supplier center Suppliers are essential to our success. We expect corporate responsibility to the same standards through our entire value chain. Our Commitment This site provides access to tools and information for current and future suppliers to Gradiant. It will help you understand what we expect from our suppliers and what you can expect of [&hellip;]<\/p>\n","protected":false},"author":14,"featured_media":0,"parent":0,"menu_order":0,"comment_status":"closed","ping_status":"closed","template":"","meta":{"_acf_changed":false,"inline_featured_image":false,"footnotes":""},"class_list":["post-3114","page","type-page","status-publish","hentry"],"acf":[],"yoast_head":"<!-- This site is optimized with the Yoast SEO plugin v27.4 - https:\/\/yoast.com\/product\/yoast-seo-wordpress\/ -->\n<title>Supplier Center | Gradiant<\/title>\n<meta name=\"description\" content=\"Access our country specific supplier terms &amp; conditions documents.\" \/>\n<meta name=\"robots\" content=\"index, follow, max-snippet:-1, max-image-preview:large, max-video-preview:-1\" \/>\n<link rel=\"canonical\" href=\"https:\/\/www.gradiant.com\/de\/lieferantenportal\/\" \/>\n<meta property=\"og:locale\" content=\"de_DE\" \/>\n<meta property=\"og:type\" content=\"article\" \/>\n<meta property=\"og:title\" content=\"Supplier Center | Gradiant\" \/>\n<meta property=\"og:description\" content=\"Access our country specific supplier terms &amp; conditions documents.\" \/>\n<meta property=\"og:url\" content=\"https:\/\/www.gradiant.com\/de\/lieferantenportal\/\" \/>\n<meta property=\"og:site_name\" content=\"Gradiant\" \/>\n<meta property=\"article:modified_time\" content=\"2025-12-05T10:20:55+00:00\" \/>\n<meta name=\"twitter:card\" content=\"summary_large_image\" \/>\n<meta name=\"twitter:site\" content=\"@Gradiant_Corp\" \/>\n<meta name=\"twitter:label1\" content=\"Gesch\u00e4tzte Lesezeit\" \/>\n\t<meta name=\"twitter:data1\" content=\"1 Minute\" \/>\n<script type=\"application\/ld+json\" class=\"yoast-schema-graph\">{\"@context\":\"https:\\\/\\\/schema.org\",\"@graph\":[{\"@type\":\"WebPage\",\"@id\":\"https:\\\/\\\/www.gradiant.com\\\/supplier-center\\\/\",\"url\":\"https:\\\/\\\/www.gradiant.com\\\/supplier-center\\\/\",\"name\":\"Supplier Center | Gradiant\",\"isPartOf\":{\"@id\":\"https:\\\/\\\/www.gradiant.com\\\/#website\"},\"datePublished\":\"2022-12-21T14:00:20+00:00\",\"dateModified\":\"2025-12-05T10:20:55+00:00\",\"description\":\"Access our country specific supplier terms & conditions documents.\",\"breadcrumb\":{\"@id\":\"https:\\\/\\\/www.gradiant.com\\\/supplier-center\\\/#breadcrumb\"},\"inLanguage\":\"de-DE\",\"potentialAction\":[{\"@type\":\"ReadAction\",\"target\":[\"https:\\\/\\\/www.gradiant.com\\\/supplier-center\\\/\"]}]},{\"@type\":\"BreadcrumbList\",\"@id\":\"https:\\\/\\\/www.gradiant.com\\\/supplier-center\\\/#breadcrumb\",\"itemListElement\":[{\"@type\":\"ListItem\",\"position\":1,\"name\":\"Gradiant\",\"item\":\"https:\\\/\\\/www.gradiant.com\\\/\"},{\"@type\":\"ListItem\",\"position\":2,\"name\":\"Supplier Center\"}]},{\"@type\":\"WebSite\",\"@id\":\"https:\\\/\\\/www.gradiant.com\\\/#website\",\"url\":\"https:\\\/\\\/www.gradiant.com\\\/\",\"name\":\"Gradiant\",\"description\":\"\",\"publisher\":{\"@id\":\"https:\\\/\\\/www.gradiant.com\\\/#organization\"},\"potentialAction\":[{\"@type\":\"SearchAction\",\"target\":{\"@type\":\"EntryPoint\",\"urlTemplate\":\"https:\\\/\\\/www.gradiant.com\\\/?s={search_term_string}\"},\"query-input\":{\"@type\":\"PropertyValueSpecification\",\"valueRequired\":true,\"valueName\":\"search_term_string\"}}],\"inLanguage\":\"de-DE\"},{\"@type\":\"Corporation\",\"@id\":\"https:\\\/\\\/www.gradiant.com\\\/#organization\",\"name\":\"Gradiant\",\"legalName\":\"Gradiant Corporation\",\"url\":\"https:\\\/\\\/www.gradiant.com\\\/\",\"description\":\"Gradiant is a global water technology company that designs, builds, and operates advanced water and wastewater treatment systems for industrial clients. An MIT spinout founded in 2013, Gradiant helps companies reduce freshwater consumption, reclaim wastewater, and recover valuable resources through proprietary technologies achieving up to 99% water recovery.\",\"slogan\":\"Ensuring water for generations to come\",\"foundingDate\":\"2013\",\"foundingLocation\":{\"@type\":\"Place\",\"name\":\"Massachusetts Institute of Technology\",\"address\":{\"@type\":\"PostalAddress\",\"addressLocality\":\"Cambridge\",\"addressRegion\":\"MA\",\"addressCountry\":\"US\"}},\"founder\":[{\"@type\":\"Person\",\"name\":\"Anurag Bajpayee\",\"jobTitle\":\"Chief Executive Officer\"},{\"@type\":\"Person\",\"name\":\"Prakash Govindan\",\"jobTitle\":\"Chief Operating Officer\"}],\"numberOfEmployees\":{\"@type\":\"QuantitativeValue\",\"minValue\":1000,\"maxValue\":1500},\"address\":{\"@type\":\"PostalAddress\",\"streetAddress\":\"130 New Boston St, Suite 200\",\"addressLocality\":\"Woburn\",\"addressRegion\":\"MA\",\"postalCode\":\"01801\",\"addressCountry\":\"US\"},\"logo\":{\"@type\":\"ImageObject\",\"@id\":\"https:\\\/\\\/www.gradiant.com\\\/#\\\/schema\\\/logo\\\/image\\\/\",\"url\":\"https:\\\/\\\/www.gradiant.com\\\/wp-content\\\/uploads\\\/2023\\\/01\\\/Gradiant.svg\",\"contentUrl\":\"https:\\\/\\\/www.gradiant.com\\\/wp-content\\\/uploads\\\/2023\\\/01\\\/Gradiant.svg\",\"width\":117,\"height\":26,\"caption\":\"Gradiant\"},\"image\":{\"@id\":\"https:\\\/\\\/www.gradiant.com\\\/#\\\/schema\\\/logo\\\/image\\\/\"},\"sameAs\":[\"https:\\\/\\\/x.com\\\/Gradiant_Corp\",\"https:\\\/\\\/www.linkedin.com\\\/company\\\/gradiant-corporation\\\/\",\"https:\\\/\\\/www.youtube.com\\\/@gradiantcorp\"],\"subOrganization\":[{\"@type\":\"Organization\",\"name\":\"alkaLi\",\"url\":\"https:\\\/\\\/alkali3.com\\\/\",\"description\":\"Gradiant spin-out company specializing in direct lithium extraction from produced water and brines using proprietary EC\u00b2 technology.\"},{\"@type\":\"Organization\",\"name\":\"Gradiant Energy Services\",\"description\":\"Gradiant subsidiary providing produced water treatment solutions for oil and gas operations.\"}],\"areaServed\":{\"@type\":\"Place\",\"name\":\"Worldwide\"},\"knowsAbout\":[\"Industrial water treatment\",\"Wastewater treatment\",\"Water recycling\",\"Desalination\",\"PFAS removal\",\"Ultrapure water\",\"Zero liquid discharge\",\"Direct lithium extraction\",\"Semiconductor water treatment\",\"Produced water treatment\"],\"award\":[\"Global Water Intelligence Water Technology Company of the Year 2024\",\"Global Water Intelligence Water Technology Company of the Year 2022\",\"TIME Best Inventions 2024\",\"Gold Edison Award 2025\",\"Global Cleantech 100 2023\"],\"naics\":\"221310\",\"isicV4\":\"3600\"}]}<\/script>\n<!-- \/ Yoast SEO plugin. -->","yoast_head_json":{"title":"Supplier Center | Gradiant","description":"Access our country specific supplier terms & conditions documents.","robots":{"index":"index","follow":"follow","max-snippet":"max-snippet:-1","max-image-preview":"max-image-preview:large","max-video-preview":"max-video-preview:-1"},"canonical":"https:\/\/www.gradiant.com\/de\/lieferantenportal\/","og_locale":"de_DE","og_type":"article","og_title":"Supplier Center | Gradiant","og_description":"Access our country specific supplier terms & conditions documents.","og_url":"https:\/\/www.gradiant.com\/de\/lieferantenportal\/","og_site_name":"Gradiant","article_modified_time":"2025-12-05T10:20:55+00:00","twitter_card":"summary_large_image","twitter_site":"@Gradiant_Corp","twitter_misc":{"Gesch\u00e4tzte Lesezeit":"1 Minute"},"schema":{"@context":"https:\/\/schema.org","@graph":[{"@type":"WebPage","@id":"https:\/\/www.gradiant.com\/supplier-center\/","url":"https:\/\/www.gradiant.com\/supplier-center\/","name":"Supplier Center | Gradiant","isPartOf":{"@id":"https:\/\/www.gradiant.com\/#website"},"datePublished":"2022-12-21T14:00:20+00:00","dateModified":"2025-12-05T10:20:55+00:00","description":"Access our country specific supplier terms & conditions documents.","breadcrumb":{"@id":"https:\/\/www.gradiant.com\/supplier-center\/#breadcrumb"},"inLanguage":"de-DE","potentialAction":[{"@type":"ReadAction","target":["https:\/\/www.gradiant.com\/supplier-center\/"]}]},{"@type":"BreadcrumbList","@id":"https:\/\/www.gradiant.com\/supplier-center\/#breadcrumb","itemListElement":[{"@type":"ListItem","position":1,"name":"Gradiant","item":"https:\/\/www.gradiant.com\/"},{"@type":"ListItem","position":2,"name":"Supplier Center"}]},{"@type":"WebSite","@id":"https:\/\/www.gradiant.com\/#website","url":"https:\/\/www.gradiant.com\/","name":"Gradiant","description":"","publisher":{"@id":"https:\/\/www.gradiant.com\/#organization"},"potentialAction":[{"@type":"SearchAction","target":{"@type":"EntryPoint","urlTemplate":"https:\/\/www.gradiant.com\/?s={search_term_string}"},"query-input":{"@type":"PropertyValueSpecification","valueRequired":true,"valueName":"search_term_string"}}],"inLanguage":"de-DE"},{"@type":"Corporation","@id":"https:\/\/www.gradiant.com\/#organization","name":"Gradiant","legalName":"Gradiant Corporation","url":"https:\/\/www.gradiant.com\/","description":"Gradiant is a global water technology company that designs, builds, and operates advanced water and wastewater treatment systems for industrial clients. An MIT spinout founded in 2013, Gradiant helps companies reduce freshwater consumption, reclaim wastewater, and recover valuable resources through proprietary technologies achieving up to 99% water recovery.","slogan":"Ensuring water for generations to come","foundingDate":"2013","foundingLocation":{"@type":"Place","name":"Massachusetts Institute of Technology","address":{"@type":"PostalAddress","addressLocality":"Cambridge","addressRegion":"MA","addressCountry":"US"}},"founder":[{"@type":"Person","name":"Anurag Bajpayee","jobTitle":"Chief Executive Officer"},{"@type":"Person","name":"Prakash Govindan","jobTitle":"Chief Operating Officer"}],"numberOfEmployees":{"@type":"QuantitativeValue","minValue":1000,"maxValue":1500},"address":{"@type":"PostalAddress","streetAddress":"130 New Boston St, Suite 200","addressLocality":"Woburn","addressRegion":"MA","postalCode":"01801","addressCountry":"US"},"logo":{"@type":"ImageObject","@id":"https:\/\/www.gradiant.com\/#\/schema\/logo\/image\/","url":"https:\/\/www.gradiant.com\/wp-content\/uploads\/2023\/01\/Gradiant.svg","contentUrl":"https:\/\/www.gradiant.com\/wp-content\/uploads\/2023\/01\/Gradiant.svg","width":117,"height":26,"caption":"Gradiant"},"image":{"@id":"https:\/\/www.gradiant.com\/#\/schema\/logo\/image\/"},"sameAs":["https:\/\/x.com\/Gradiant_Corp","https:\/\/www.linkedin.com\/company\/gradiant-corporation\/","https:\/\/www.youtube.com\/@gradiantcorp"],"subOrganization":[{"@type":"Organization","name":"alkaLi","url":"https:\/\/alkali3.com\/","description":"Gradiant spin-out company specializing in direct lithium extraction from produced water and brines using proprietary EC\u00b2 technology."},{"@type":"Organization","name":"Gradiant Energy Services","description":"Gradiant subsidiary providing produced water treatment solutions for oil and gas operations."}],"areaServed":{"@type":"Place","name":"Worldwide"},"knowsAbout":["Industrial water treatment","Wastewater treatment","Water recycling","Desalination","PFAS removal","Ultrapure water","Zero liquid discharge","Direct lithium extraction","Semiconductor water treatment","Produced water treatment"],"award":["Global Water Intelligence Water Technology Company of the Year 2024","Global Water Intelligence Water Technology Company of the Year 2022","TIME Best Inventions 2024","Gold Edison Award 2025","Global Cleantech 100 2023"],"naics":"221310","isicV4":"3600"}]}},"_links":{"self":[{"href":"https:\/\/www.gradiant.com\/de\/wp-json\/wp\/v2\/pages\/3114","targetHints":{"allow":["GET"]}}],"collection":[{"href":"https:\/\/www.gradiant.com\/de\/wp-json\/wp\/v2\/pages"}],"about":[{"href":"https:\/\/www.gradiant.com\/de\/wp-json\/wp\/v2\/types\/page"}],"author":[{"embeddable":true,"href":"https:\/\/www.gradiant.com\/de\/wp-json\/wp\/v2\/users\/14"}],"replies":[{"embeddable":true,"href":"https:\/\/www.gradiant.com\/de\/wp-json\/wp\/v2\/comments?post=3114"}],"version-history":[{"count":0,"href":"https:\/\/www.gradiant.com\/de\/wp-json\/wp\/v2\/pages\/3114\/revisions"}],"wp:attachment":[{"href":"https:\/\/www.gradiant.com\/de\/wp-json\/wp\/v2\/media?parent=3114"}],"curies":[{"name":"wp","href":"https:\/\/api.w.org\/{rel}","templated":true}]}}