{"id":4515,"date":"2023-01-12T13:52:35","date_gmt":"2023-01-12T13:52:35","guid":{"rendered":"https:\/\/www.gradiant.com\/?page_id=4515"},"modified":"2025-12-05T05:17:53","modified_gmt":"2025-12-05T10:17:53","slug":"cookie-richtlinie","status":"publish","type":"page","link":"https:\/\/www.gradiant.com\/de\/cookie-policy\/","title":{"rendered":"Cookie-Richtlinie"},"content":{"rendered":"<div data-elementor-type=\"wp-page\" data-elementor-id=\"4515\" class=\"elementor elementor-4515\" data-elementor-post-type=\"page\">\n\t\t\t\t\t\t<section class=\"elementor-section elementor-top-section elementor-element elementor-element-880511c elementor-section-boxed elementor-section-height-default elementor-section-height-default\" data-id=\"880511c\" data-element_type=\"section\" data-e-type=\"section\">\n\t\t\t\t\t\t<div class=\"elementor-container elementor-column-gap-default\">\n\t\t\t\t\t<div class=\"elementor-column elementor-col-33 elementor-top-column elementor-element elementor-element-c9496c5\" data-id=\"c9496c5\" data-element_type=\"column\" data-e-type=\"column\">\n\t\t\t<div class=\"elementor-widget-wrap\">\n\t\t\t\t\t\t\t<\/div>\n\t\t<\/div>\n\t\t\t\t<div class=\"elementor-column elementor-col-33 elementor-top-column elementor-element elementor-element-2f25a24\" data-id=\"2f25a24\" data-element_type=\"column\" data-e-type=\"column\">\n\t\t\t<div class=\"elementor-widget-wrap elementor-element-populated\">\n\t\t\t\t\t\t<div class=\"elementor-element elementor-element-c7ad6bf elementor-widget elementor-widget-heading\" data-id=\"c7ad6bf\" data-element_type=\"widget\" data-e-type=\"widget\" data-widget_type=\"heading.default\">\n\t\t\t\t\t<h1 class=\"elementor-heading-title elementor-size-default\">COOKIE-RICHTLINIE\n<\/h1>\t\t\t\t<\/div>\n\t\t\t\t<div class=\"elementor-element elementor-element-fc9a8c8 elementor-widget elementor-widget-text-editor\" data-id=\"fc9a8c8\" data-element_type=\"widget\" data-e-type=\"widget\" data-widget_type=\"text-editor.default\">\n\t\t\t\t\t\t\t\t\t<p><strong>Letzte Aktualisierung:  1,April 2022<\/strong><\/p><p>\u00a0<\/p><p class=\"p1\">F\u00fcr eine bessere Benutzererfahrung verwendet Gradiant (auch als \u201ewir\u201c, \u201euns\u201c oder \u201eunser\u201c bezeichnet) Cookies auf www.gradiant.com (der \u201eDienst\u201c). Durch die Nutzung des Dienstes stimmen Sie der Verwendung von Cookies zu.<\/p><p>\u00a0<\/p><p class=\"p1\">In unserer Cookie-Richtlinie wird erkl\u00e4rt, was Cookies sind, wie wir Cookies verwenden, wie Drittanbieter, mit denen wir m\u00f6glicherweise zusammenarbeiten, Cookies im Rahmen des Dienstes verwenden, welche M\u00f6glichkeiten Sie in Bezug auf Cookies haben und welche weiteren Informationen zu Cookies verf\u00fcgbar sind.<\/p>\t\t\t\t\t\t\t\t<\/div>\n\t\t\t\t<div class=\"elementor-element elementor-element-f042ed4 elementor-widget elementor-widget-heading\" data-id=\"f042ed4\" data-element_type=\"widget\" data-e-type=\"widget\" data-widget_type=\"heading.default\">\n\t\t\t\t\t<h2 class=\"elementor-heading-title elementor-size-default\">Was sind Cookies?\n<\/h2>\t\t\t\t<\/div>\n\t\t\t\t<div class=\"elementor-element elementor-element-4afa021 elementor-widget elementor-widget-text-editor\" data-id=\"4afa021\" data-element_type=\"widget\" data-e-type=\"widget\" data-widget_type=\"text-editor.default\">\n\t\t\t\t\t\t\t\t\t<p>Cookies sind kleine Textdateien, die von Ihrem Webbrowser von einer von Ihnen besuchten Website gesendet werden. Eine Cookie-Datei wird in Ihrem Webbrowser gespeichert und erm\u00f6glicht es dem Dienst oder einem Drittanbieter, Sie zu erkennen und Ihren n\u00e4chsten Besuch zu erleichtern und den Dienst f\u00fcr Sie n\u00fctzlicher zu machen.<\/p><p>\u00a0<\/p><p>Cookies k\u00f6nnen auch Ihr Kundenerlebnis verbessern, indem sie die Bereitstellung von Werbung f\u00fcr Produkte und Dienstleistungen erm\u00f6glichen, die auf Ihre individuellen Verbraucherinteressen zugeschnitten sind.<\/p><p>\u00a0<\/p><p>Cookies k\u00f6nnen \u201edauerhafte\u201c Cookies oder \u201eSitzungscookies\u201c sein.<\/p>\t\t\t\t\t\t\t\t<\/div>\n\t\t\t\t<div class=\"elementor-element elementor-element-f07e867 elementor-widget elementor-widget-heading\" data-id=\"f07e867\" data-element_type=\"widget\" data-e-type=\"widget\" data-widget_type=\"heading.default\">\n\t\t\t\t\t<h2 class=\"elementor-heading-title elementor-size-default\">Wie verwenden wir Cookies?\n<\/h2>\t\t\t\t<\/div>\n\t\t\t\t<div class=\"elementor-element elementor-element-3af142c elementor-widget elementor-widget-text-editor\" data-id=\"3af142c\" data-element_type=\"widget\" data-e-type=\"widget\" data-widget_type=\"text-editor.default\">\n\t\t\t\t\t\t\t\t\t<p class=\"p1\">Wenn Sie den Service nutzen und darauf zugreifen, k\u00f6nnen wir eine Reihe von Cookie-Dateien in Ihrem Webbrowser ablegen.<\/p><p class=\"p1\">Wir verwenden Cookies f\u00fcr die folgenden Zwecke: um bestimmte Funktionen des Service zu aktivieren, einschlie\u00dflich Analysen.<\/p><p class=\"p1\">Wir verwenden sowohl Sitzungscookies als auch dauerhafte Cookies f\u00fcr den Service und wir verwenden verschiedene Arten von Cookies, um den Service auszuf\u00fchren:<\/p>\t\t\t\t\t\t\t\t<\/div>\n\t\t\t\t<div class=\"elementor-element elementor-element-8ea9555 elementor-widget elementor-widget-heading\" data-id=\"8ea9555\" data-element_type=\"widget\" data-e-type=\"widget\" data-widget_type=\"heading.default\">\n\t\t\t\t\t<h2 class=\"elementor-heading-title elementor-size-default\">1. Sitzungs cookies\n<\/h2>\t\t\t\t<\/div>\n\t\t\t\t<div class=\"elementor-element elementor-element-ae6eb31 elementor-widget elementor-widget-text-editor\" data-id=\"ae6eb31\" data-element_type=\"widget\" data-e-type=\"widget\" data-widget_type=\"text-editor.default\">\n\t\t\t\t\t\t\t\t\t<p>W\u00e4hrend Sie auf einer Webseite aktiv sind, wird vor\u00fcbergehend ein Sitzungscookie im Speicher Ihres Computers abgelegt. Dieser enth\u00e4lt eine Sitzungs-ID, damit Sie sich also nicht auf jeder Seite, die Sie aufrufen, neu anmelden m\u00fcssen. Sitzungscookies werden gel\u00f6scht, wenn Sie sich abmelden, oder verlieren ihre G\u00fcltigkeit, sobald Ihre Sitzung automatisch abl\u00e4uft.<\/p>\t\t\t\t\t\t\t\t<\/div>\n\t\t\t\t<div class=\"elementor-element elementor-element-6fd8cb3 elementor-widget elementor-widget-heading\" data-id=\"6fd8cb3\" data-element_type=\"widget\" data-e-type=\"widget\" data-widget_type=\"heading.default\">\n\t\t\t\t\t<h2 class=\"elementor-heading-title elementor-size-default\">2. Dauerhafte oder Protokoll-Cookies\n<\/h2>\t\t\t\t<\/div>\n\t\t\t\t<div class=\"elementor-element elementor-element-8c804df elementor-widget elementor-widget-text-editor\" data-id=\"8c804df\" data-element_type=\"widget\" data-e-type=\"widget\" data-widget_type=\"text-editor.default\">\n\t\t\t\t\t\t\t\t\t<p class=\"p1\">Permanente oder Protokoll-Cookies speichern Dateien auf Ihrem Computer bis zum geplanten Ablaufdatum. Diese Cookies erm\u00f6glichen es Webseiten, sich Ihre Informationen und Einstellungen beim n\u00e4chsten Besuch zu merken. Dadurch wird der Zugriff auf die Webseiten einfacher und schneller, da Sie beispielsweise nicht bei jedem Besuch die Spracheinstellungen f\u00fcr unser Portal neu anpassen m\u00fcssen. Nach Ablauf des Ablaufdatums werden die Cookies automatisch gel\u00f6scht und sind beim n\u00e4chsten Besuch der Webseite, die sie erstellt hat, nicht mehr wirksam.<\/p>\t\t\t\t\t\t\t\t<\/div>\n\t\t\t\t<div class=\"elementor-element elementor-element-430c7df elementor-widget elementor-widget-heading\" data-id=\"430c7df\" data-element_type=\"widget\" data-e-type=\"widget\" data-widget_type=\"heading.default\">\n\t\t\t\t\t<h2 class=\"elementor-heading-title elementor-size-default\">3. Cookies von Drittanbietern\n<\/h2>\t\t\t\t<\/div>\n\t\t\t\t<div class=\"elementor-element elementor-element-8edeb28 elementor-widget elementor-widget-text-editor\" data-id=\"8edeb28\" data-element_type=\"widget\" data-e-type=\"widget\" data-widget_type=\"text-editor.default\">\n\t\t\t\t\t\t\t\t\t<p class=\"p1\">Cookies von Drittanbietern stammen von anderen Anbietern als dem Betreiber der Webseite. Sie k\u00f6nnen beispielsweise dazu verwendet werden, Informationen f\u00fcr Werbezwecke zu sammeln oder benutzerdefinierte Inhalte und Webstatistiken zu erstellen<\/p>\t\t\t\t\t\t\t\t<\/div>\n\t\t\t\t<div class=\"elementor-element elementor-element-57a64a7 elementor-widget elementor-widget-heading\" data-id=\"57a64a7\" data-element_type=\"widget\" data-e-type=\"widget\" data-widget_type=\"heading.default\">\n\t\t\t\t\t<h2 class=\"elementor-heading-title elementor-size-default\">4. Flash-Cookies\n<\/h2>\t\t\t\t<\/div>\n\t\t\t\t<div class=\"elementor-element elementor-element-d4d4bc8 elementor-widget elementor-widget-text-editor\" data-id=\"d4d4bc8\" data-element_type=\"widget\" data-e-type=\"widget\" data-widget_type=\"text-editor.default\">\n\t\t\t\t\t\t\t\t\t<p class=\"p1\">Flash-Cookies werden auf Ihrem Computer als Datenelemente von Websites gespeichert, die Adobe Flash Player verwenden. Flash-Cookies sind nicht zeitlich begrenzt.<\/p>\t\t\t\t\t\t\t\t<\/div>\n\t\t\t\t<div class=\"elementor-element elementor-element-e3c1535 elementor-widget elementor-widget-heading\" data-id=\"e3c1535\" data-element_type=\"widget\" data-e-type=\"widget\" data-widget_type=\"heading.default\">\n\t\t\t\t\t<h2 class=\"elementor-heading-title elementor-size-default\">Abmelden (Opting-out)\n<\/h2>\t\t\t\t<\/div>\n\t\t\t\t<div class=\"elementor-element elementor-element-bad8b1a elementor-widget elementor-widget-text-editor\" data-id=\"bad8b1a\" data-element_type=\"widget\" data-e-type=\"widget\" data-widget_type=\"text-editor.default\">\n\t\t\t\t\t\t\t\t\t<p>Wenn Sie Cookies l\u00f6schen oder Ihren Webbrowser anweisen m\u00f6chten, Cookies zu l\u00f6schen oder abzulehnen, besuchen Sie bitte die folgenden Hilfeseiten Ihres Webbrowsers:<\/p><p>\u00a0<\/p>\t\t\t\t\t\t\t\t<\/div>\n\t\t\t\t<div class=\"elementor-element elementor-element-af6afbb elementor-widget elementor-widget-text-editor\" data-id=\"af6afbb\" data-element_type=\"widget\" data-e-type=\"widget\" data-widget_type=\"text-editor.default\">\n\t\t\t\t\t\t\t\t\t<p>- Google Chrome<br \/><a href=\"https:\/\/support.google.com\/chrome\/answer\/95647?hl=en-GB\" target=\"_blank\" rel=\"noopener nofollow external noreferrer\" data-wpel-link=\"external\">https:\/\/support.google.com\/chrome\/answer\/95647?hl=en-GB<\/a><\/p><p>\u00a0<\/p><p>- Mozilla Firefox<br \/><a href=\"https:\/\/support.mozilla.org\/en-US\/kb\/delete-browsing-search-download-history-firefox?redirectlocale=en-US&amp;redirectslug=Clear+Recent+History\" target=\"_blank\" rel=\"noopener nofollow external noreferrer\" data-wpel-link=\"external\">https:\/\/support.mozilla.org\/en-US\/kb\/delete-browsing-search-download-history-firefox?redirectlocale=en-US&amp;redirectslug=Clear+Recent+History<\/a><\/p><p>\u00a0<\/p><p>- Microsoft Internet Explorer<br \/><a href=\"https:\/\/support.microsoft.com\/en-us\/help\/278835\/how-to-delete-cookie-files-in-internet-explorer\" target=\"_blank\" rel=\"noopener nofollow external noreferrer\" data-wpel-link=\"external\">https:\/\/support.microsoft.com\/en-us\/help\/278835\/how-to-delete-cookie-files-in-internet-explorer<\/a><\/p><p>\u00a0<\/p><p>- Apple Safari<br \/><a href=\"https:\/\/support.apple.com\/guide\/safari\/manage-cookies-and-website-data-sfri11471\/mac\" target=\"_blank\" rel=\"noopener nofollow external noreferrer\" data-wpel-link=\"external\">https:\/\/support.apple.com\/guide\/safari\/manage-cookies-and-website-data-sfri11471\/mac<\/a><\/p><p>\u00a0<\/p><p>Alternativ k\u00f6nnen Sie auch\u00a0<a href=\"http:\/\/www.internetcookies.org\/\" target=\"_blank\" rel=\"noopener nofollow external noreferrer\" data-wpel-link=\"external\">www.internetcookies.org<\/a>besuchen, wo Sie umfassende Informationen dar\u00fcber finden, wie Sie die Cookie-Einstellungen auf einer Vielzahl von Browsern und Ger\u00e4ten anpassen k\u00f6nnen. Sie finden dort allgemeine Informationen \u00fcber Cookies und Details dar\u00fcber, wie Sie Cookies von Ihrem Ger\u00e4t l\u00f6schen k\u00f6nnen.<\/p><p>\u00a0<\/p><p>Bitte beachten Sie jedoch, dass Sie m\u00f6glicherweise nicht alle von uns angebotenen Funktionen nutzen k\u00f6nnen, Ihre Einstellungen nicht speichern k\u00f6nnen und einige unserer Seiten m\u00f6glicherweise nicht richtig angezeigt werden, wenn Sie Cookies l\u00f6schen oder deren Annahme verweigern.<\/p>\t\t\t\t\t\t\t\t<\/div>\n\t\t\t\t<div class=\"elementor-element elementor-element-b646543 elementor-widget elementor-widget-heading\" data-id=\"b646543\" data-element_type=\"widget\" data-e-type=\"widget\" data-widget_type=\"heading.default\">\n\t\t\t\t\t<h2 class=\"elementor-heading-title elementor-size-default\">So erreichen Sie uns:<\/h2>\t\t\t\t<\/div>\n\t\t\t\t<div class=\"elementor-element elementor-element-4a5bc38 elementor-widget elementor-widget-text-editor\" data-id=\"4a5bc38\" data-element_type=\"widget\" data-e-type=\"widget\" data-widget_type=\"text-editor.default\">\n\t\t\t\t\t\t\t\t\t<p class=\"p1\">Corporate Headquarters<\/p><p class=\"p1\">Gradiant Gesellschaft<\/p><p class=\"p1\">130 New Boston St #200<\/p><p class=\"p1\">Woburn, MA 01801<\/p><p class=\"p1\">communications@gradiant.com<\/p>\t\t\t\t\t\t\t\t<\/div>\n\t\t\t\t\t<\/div>\n\t\t<\/div>\n\t\t\t\t<div class=\"elementor-column elementor-col-33 elementor-top-column elementor-element elementor-element-022e957\" data-id=\"022e957\" data-element_type=\"column\" data-e-type=\"column\">\n\t\t\t<div class=\"elementor-widget-wrap\">\n\t\t\t\t\t\t\t<\/div>\n\t\t<\/div>\n\t\t\t\t\t<\/div>\n\t\t<\/section>\n\t\t\t\t<\/div>","protected":false},"excerpt":{"rendered":"<p>Cookies Policy Last Updated: April 1, 2022 &nbsp; For a better user experience, Gradiant (also referred to as \u201cus\u201d, \u201cwe\u201d, or \u201cour\u201d) uses cookies on www.gradiant.com (the \u201cService\u201d). By using the Service, you consent to the use of cookies. &nbsp; Our Cookie Policy explains what cookies are, how we use cookies, how third-parties we may [&hellip;]<\/p>\n","protected":false},"author":14,"featured_media":0,"parent":0,"menu_order":0,"comment_status":"closed","ping_status":"closed","template":"","meta":{"_acf_changed":false,"inline_featured_image":false,"footnotes":""},"class_list":["post-4515","page","type-page","status-publish","hentry"],"acf":[],"yoast_head":"<!-- This site is optimized with the Yoast SEO plugin v27.5 - https:\/\/yoast.com\/product\/yoast-seo-wordpress\/ -->\n<title>Cookie Policy | Gradiant<\/title>\n<meta name=\"description\" content=\"Learn how Gradiant uses cookies to enhance your experience on our website.\" \/>\n<meta name=\"robots\" content=\"noindex, follow\" \/>\n<meta property=\"og:locale\" content=\"de_DE\" \/>\n<meta property=\"og:type\" content=\"article\" \/>\n<meta property=\"og:title\" content=\"Cookie Policy | Gradiant\" \/>\n<meta property=\"og:description\" content=\"Learn how Gradiant uses cookies to enhance your experience on our website.\" \/>\n<meta property=\"og:url\" content=\"https:\/\/www.gradiant.com\/de\/cookie-richtlinie\/\" \/>\n<meta property=\"og:site_name\" content=\"Gradiant\" \/>\n<meta property=\"article:modified_time\" content=\"2025-12-05T10:17:53+00:00\" \/>\n<meta name=\"twitter:card\" content=\"summary_large_image\" \/>\n<meta name=\"twitter:site\" content=\"@Gradiant_Corp\" \/>\n<meta name=\"twitter:label1\" content=\"Gesch\u00e4tzte Lesezeit\" \/>\n\t<meta name=\"twitter:data1\" content=\"3 Minuten\" \/>\n<script type=\"application\/ld+json\" class=\"yoast-schema-graph\">{\"@context\":\"https:\\\/\\\/schema.org\",\"@graph\":[{\"@type\":\"WebPage\",\"@id\":\"https:\\\/\\\/www.gradiant.com\\\/cookie-policy\\\/\",\"url\":\"https:\\\/\\\/www.gradiant.com\\\/cookie-policy\\\/\",\"name\":\"Cookie Policy | Gradiant\",\"isPartOf\":{\"@id\":\"https:\\\/\\\/www.gradiant.com\\\/#website\"},\"datePublished\":\"2023-01-12T13:52:35+00:00\",\"dateModified\":\"2025-12-05T10:17:53+00:00\",\"description\":\"Learn how Gradiant uses cookies to enhance your experience on our website.\",\"breadcrumb\":{\"@id\":\"https:\\\/\\\/www.gradiant.com\\\/cookie-policy\\\/#breadcrumb\"},\"inLanguage\":\"de-DE\",\"potentialAction\":[{\"@type\":\"ReadAction\",\"target\":[\"https:\\\/\\\/www.gradiant.com\\\/cookie-policy\\\/\"]}]},{\"@type\":\"BreadcrumbList\",\"@id\":\"https:\\\/\\\/www.gradiant.com\\\/cookie-policy\\\/#breadcrumb\",\"itemListElement\":[{\"@type\":\"ListItem\",\"position\":1,\"name\":\"Gradiant\",\"item\":\"https:\\\/\\\/www.gradiant.com\\\/\"},{\"@type\":\"ListItem\",\"position\":2,\"name\":\"Cookie Policy\"}]},{\"@type\":\"WebSite\",\"@id\":\"https:\\\/\\\/www.gradiant.com\\\/#website\",\"url\":\"https:\\\/\\\/www.gradiant.com\\\/\",\"name\":\"Gradiant\",\"description\":\"\",\"publisher\":{\"@id\":\"https:\\\/\\\/www.gradiant.com\\\/#organization\"},\"potentialAction\":[{\"@type\":\"SearchAction\",\"target\":{\"@type\":\"EntryPoint\",\"urlTemplate\":\"https:\\\/\\\/www.gradiant.com\\\/?s={search_term_string}\"},\"query-input\":{\"@type\":\"PropertyValueSpecification\",\"valueRequired\":true,\"valueName\":\"search_term_string\"}}],\"inLanguage\":\"de-DE\"},{\"@type\":\"Corporation\",\"@id\":\"https:\\\/\\\/www.gradiant.com\\\/#organization\",\"name\":\"Gradiant\",\"legalName\":\"Gradiant Corporation\",\"url\":\"https:\\\/\\\/www.gradiant.com\\\/\",\"description\":\"Gradiant is a global water technology company that designs, builds, and operates advanced water and wastewater treatment systems for industrial clients. An MIT spinout founded in 2013, Gradiant helps companies reduce freshwater consumption, reclaim wastewater, and recover valuable resources through proprietary technologies achieving up to 99% water recovery.\",\"slogan\":\"Ensuring water for generations to come\",\"foundingDate\":\"2013\",\"foundingLocation\":{\"@type\":\"Place\",\"name\":\"Massachusetts Institute of Technology\",\"address\":{\"@type\":\"PostalAddress\",\"addressLocality\":\"Cambridge\",\"addressRegion\":\"MA\",\"addressCountry\":\"US\"}},\"founder\":[{\"@type\":\"Person\",\"name\":\"Anurag Bajpayee\",\"jobTitle\":\"Chief Executive Officer\"},{\"@type\":\"Person\",\"name\":\"Prakash Govindan\",\"jobTitle\":\"Chief Operating Officer\"}],\"numberOfEmployees\":{\"@type\":\"QuantitativeValue\",\"minValue\":1000,\"maxValue\":1500},\"address\":{\"@type\":\"PostalAddress\",\"streetAddress\":\"130 New Boston St, Suite 200\",\"addressLocality\":\"Woburn\",\"addressRegion\":\"MA\",\"postalCode\":\"01801\",\"addressCountry\":\"US\"},\"logo\":{\"@type\":\"ImageObject\",\"@id\":\"https:\\\/\\\/www.gradiant.com\\\/#\\\/schema\\\/logo\\\/image\\\/\",\"url\":\"https:\\\/\\\/www.gradiant.com\\\/wp-content\\\/uploads\\\/2023\\\/01\\\/Gradiant.svg\",\"contentUrl\":\"https:\\\/\\\/www.gradiant.com\\\/wp-content\\\/uploads\\\/2023\\\/01\\\/Gradiant.svg\",\"width\":117,\"height\":26,\"caption\":\"Gradiant\"},\"image\":{\"@id\":\"https:\\\/\\\/www.gradiant.com\\\/#\\\/schema\\\/logo\\\/image\\\/\"},\"sameAs\":[\"https:\\\/\\\/x.com\\\/Gradiant_Corp\",\"https:\\\/\\\/www.linkedin.com\\\/company\\\/gradiant-corporation\\\/\",\"https:\\\/\\\/www.youtube.com\\\/@gradiantcorp\"],\"subOrganization\":[{\"@type\":\"Organization\",\"name\":\"alkaLi\",\"url\":\"https:\\\/\\\/alkali3.com\\\/\",\"description\":\"Gradiant spin-out company specializing in direct lithium extraction from produced water and brines using proprietary EC\u00b2 technology.\"},{\"@type\":\"Organization\",\"name\":\"Gradiant Energy Services\",\"description\":\"Gradiant subsidiary providing produced water treatment solutions for oil and gas operations.\"}],\"areaServed\":{\"@type\":\"Place\",\"name\":\"Worldwide\"},\"knowsAbout\":[\"Industrial water treatment\",\"Wastewater treatment\",\"Water recycling\",\"Desalination\",\"PFAS removal\",\"Ultrapure water\",\"Zero liquid discharge\",\"Direct lithium extraction\",\"Semiconductor water treatment\",\"Produced water treatment\"],\"award\":[\"Global Water Intelligence Water Technology Company of the Year 2024\",\"Global Water Intelligence Water Technology Company of the Year 2022\",\"TIME Best Inventions 2024\",\"Gold Edison Award 2025\",\"Global Cleantech 100 2023\"],\"naics\":\"221310\",\"isicV4\":\"3600\"}]}<\/script>\n<!-- \/ Yoast SEO plugin. -->","yoast_head_json":{"title":"Cookie Policy | Gradiant","description":"Learn how Gradiant uses cookies to enhance your experience on our website.","robots":{"index":"noindex","follow":"follow"},"og_locale":"de_DE","og_type":"article","og_title":"Cookie Policy | Gradiant","og_description":"Learn how Gradiant uses cookies to enhance your experience on our website.","og_url":"https:\/\/www.gradiant.com\/de\/cookie-richtlinie\/","og_site_name":"Gradiant","article_modified_time":"2025-12-05T10:17:53+00:00","twitter_card":"summary_large_image","twitter_site":"@Gradiant_Corp","twitter_misc":{"Gesch\u00e4tzte Lesezeit":"3 Minuten"},"schema":{"@context":"https:\/\/schema.org","@graph":[{"@type":"WebPage","@id":"https:\/\/www.gradiant.com\/cookie-policy\/","url":"https:\/\/www.gradiant.com\/cookie-policy\/","name":"Cookie Policy | Gradiant","isPartOf":{"@id":"https:\/\/www.gradiant.com\/#website"},"datePublished":"2023-01-12T13:52:35+00:00","dateModified":"2025-12-05T10:17:53+00:00","description":"Learn how Gradiant uses cookies to enhance your experience on our website.","breadcrumb":{"@id":"https:\/\/www.gradiant.com\/cookie-policy\/#breadcrumb"},"inLanguage":"de-DE","potentialAction":[{"@type":"ReadAction","target":["https:\/\/www.gradiant.com\/cookie-policy\/"]}]},{"@type":"BreadcrumbList","@id":"https:\/\/www.gradiant.com\/cookie-policy\/#breadcrumb","itemListElement":[{"@type":"ListItem","position":1,"name":"Gradiant","item":"https:\/\/www.gradiant.com\/"},{"@type":"ListItem","position":2,"name":"Cookie Policy"}]},{"@type":"WebSite","@id":"https:\/\/www.gradiant.com\/#website","url":"https:\/\/www.gradiant.com\/","name":"Gradiant","description":"","publisher":{"@id":"https:\/\/www.gradiant.com\/#organization"},"potentialAction":[{"@type":"SearchAction","target":{"@type":"EntryPoint","urlTemplate":"https:\/\/www.gradiant.com\/?s={search_term_string}"},"query-input":{"@type":"PropertyValueSpecification","valueRequired":true,"valueName":"search_term_string"}}],"inLanguage":"de-DE"},{"@type":"Corporation","@id":"https:\/\/www.gradiant.com\/#organization","name":"Gradiant","legalName":"Gradiant Corporation","url":"https:\/\/www.gradiant.com\/","description":"Gradiant is a global water technology company that designs, builds, and operates advanced water and wastewater treatment systems for industrial clients. An MIT spinout founded in 2013, Gradiant helps companies reduce freshwater consumption, reclaim wastewater, and recover valuable resources through proprietary technologies achieving up to 99% water recovery.","slogan":"Ensuring water for generations to come","foundingDate":"2013","foundingLocation":{"@type":"Place","name":"Massachusetts Institute of Technology","address":{"@type":"PostalAddress","addressLocality":"Cambridge","addressRegion":"MA","addressCountry":"US"}},"founder":[{"@type":"Person","name":"Anurag Bajpayee","jobTitle":"Chief Executive Officer"},{"@type":"Person","name":"Prakash Govindan","jobTitle":"Chief Operating Officer"}],"numberOfEmployees":{"@type":"QuantitativeValue","minValue":1000,"maxValue":1500},"address":{"@type":"PostalAddress","streetAddress":"130 New Boston St, Suite 200","addressLocality":"Woburn","addressRegion":"MA","postalCode":"01801","addressCountry":"US"},"logo":{"@type":"ImageObject","@id":"https:\/\/www.gradiant.com\/#\/schema\/logo\/image\/","url":"https:\/\/www.gradiant.com\/wp-content\/uploads\/2023\/01\/Gradiant.svg","contentUrl":"https:\/\/www.gradiant.com\/wp-content\/uploads\/2023\/01\/Gradiant.svg","width":117,"height":26,"caption":"Gradiant"},"image":{"@id":"https:\/\/www.gradiant.com\/#\/schema\/logo\/image\/"},"sameAs":["https:\/\/x.com\/Gradiant_Corp","https:\/\/www.linkedin.com\/company\/gradiant-corporation\/","https:\/\/www.youtube.com\/@gradiantcorp"],"subOrganization":[{"@type":"Organization","name":"alkaLi","url":"https:\/\/alkali3.com\/","description":"Gradiant spin-out company specializing in direct lithium extraction from produced water and brines using proprietary EC\u00b2 technology."},{"@type":"Organization","name":"Gradiant Energy Services","description":"Gradiant subsidiary providing produced water treatment solutions for oil and gas operations."}],"areaServed":{"@type":"Place","name":"Worldwide"},"knowsAbout":["Industrial water treatment","Wastewater treatment","Water recycling","Desalination","PFAS removal","Ultrapure water","Zero liquid discharge","Direct lithium extraction","Semiconductor water treatment","Produced water treatment"],"award":["Global Water Intelligence Water Technology Company of the Year 2024","Global Water Intelligence Water Technology Company of the Year 2022","TIME Best Inventions 2024","Gold Edison Award 2025","Global Cleantech 100 2023"],"naics":"221310","isicV4":"3600"}]}},"_links":{"self":[{"href":"https:\/\/www.gradiant.com\/de\/wp-json\/wp\/v2\/pages\/4515","targetHints":{"allow":["GET"]}}],"collection":[{"href":"https:\/\/www.gradiant.com\/de\/wp-json\/wp\/v2\/pages"}],"about":[{"href":"https:\/\/www.gradiant.com\/de\/wp-json\/wp\/v2\/types\/page"}],"author":[{"embeddable":true,"href":"https:\/\/www.gradiant.com\/de\/wp-json\/wp\/v2\/users\/14"}],"replies":[{"embeddable":true,"href":"https:\/\/www.gradiant.com\/de\/wp-json\/wp\/v2\/comments?post=4515"}],"version-history":[{"count":0,"href":"https:\/\/www.gradiant.com\/de\/wp-json\/wp\/v2\/pages\/4515\/revisions"}],"wp:attachment":[{"href":"https:\/\/www.gradiant.com\/de\/wp-json\/wp\/v2\/media?parent=4515"}],"curies":[{"name":"wp","href":"https:\/\/api.w.org\/{rel}","templated":true}]}}