{"id":4515,"date":"2023-01-12T13:52:35","date_gmt":"2023-01-12T13:52:35","guid":{"rendered":"https:\/\/www.gradiant.com\/?page_id=4515"},"modified":"2025-12-05T05:17:53","modified_gmt":"2025-12-05T10:17:53","slug":"politica-de-cookies","status":"publish","type":"page","link":"https:\/\/www.gradiant.com\/es\/cookie-policy\/","title":{"rendered":"Pol\u00edtica de cookies"},"content":{"rendered":"<div data-elementor-type=\"wp-page\" data-elementor-id=\"4515\" class=\"elementor elementor-4515\" data-elementor-post-type=\"page\">\n\t\t\t\t\t\t<section class=\"elementor-section elementor-top-section elementor-element elementor-element-880511c elementor-section-boxed elementor-section-height-default elementor-section-height-default\" data-id=\"880511c\" data-element_type=\"section\" data-e-type=\"section\">\n\t\t\t\t\t\t<div class=\"elementor-container elementor-column-gap-default\">\n\t\t\t\t\t<div class=\"elementor-column elementor-col-33 elementor-top-column elementor-element elementor-element-c9496c5\" data-id=\"c9496c5\" data-element_type=\"column\" data-e-type=\"column\">\n\t\t\t<div class=\"elementor-widget-wrap\">\n\t\t\t\t\t\t\t<\/div>\n\t\t<\/div>\n\t\t\t\t<div class=\"elementor-column elementor-col-33 elementor-top-column elementor-element elementor-element-2f25a24\" data-id=\"2f25a24\" data-element_type=\"column\" data-e-type=\"column\">\n\t\t\t<div class=\"elementor-widget-wrap elementor-element-populated\">\n\t\t\t\t\t\t<div class=\"elementor-element elementor-element-c7ad6bf elementor-widget elementor-widget-heading\" data-id=\"c7ad6bf\" data-element_type=\"widget\" data-e-type=\"widget\" data-widget_type=\"heading.default\">\n\t\t\t\t\t<h1 class=\"elementor-heading-title elementor-size-default\">POL\u00cdTICA DE COOKIES\n<\/h1>\t\t\t\t<\/div>\n\t\t\t\t<div class=\"elementor-element elementor-element-fc9a8c8 elementor-widget elementor-widget-text-editor\" data-id=\"fc9a8c8\" data-element_type=\"widget\" data-e-type=\"widget\" data-widget_type=\"text-editor.default\">\n\t\t\t\t\t\t\t\t\t<p><strong>\u00daltima actualizaci\u00f3n: 1 de abril de 2022<\/strong><\/p><p>\u00a0<\/p><p class=\"p1\">Para una mejor experiencia de usuario, Gradiant (tambi\u00e9n denominado \u201cnosotros\u201d o \u201cnuestro\u201d) utiliza cookies en www.gradiant.com (el \u201cServicio\u201d). Al utilizar el Servicio, usted acepta el uso de cookies.<\/p><p>\u00a0<\/p><p class=\"p1\">Nuestra Pol\u00edtica de Cookies explica qu\u00e9 son las cookies, c\u00f3mo las utilizamos, c\u00f3mo los terceros con los que podr\u00edamos asociarnos pueden utilizar cookies en el Servicio, sus opciones respecto a las cookies y m\u00e1s informaci\u00f3n sobre ellas.<\/p>\t\t\t\t\t\t\t\t<\/div>\n\t\t\t\t<div class=\"elementor-element elementor-element-f042ed4 elementor-widget elementor-widget-heading\" data-id=\"f042ed4\" data-element_type=\"widget\" data-e-type=\"widget\" data-widget_type=\"heading.default\">\n\t\t\t\t\t<h2 class=\"elementor-heading-title elementor-size-default\">\u00bfQu\u00e9 son las cookies?\n<\/h2>\t\t\t\t<\/div>\n\t\t\t\t<div class=\"elementor-element elementor-element-4afa021 elementor-widget elementor-widget-text-editor\" data-id=\"4afa021\" data-element_type=\"widget\" data-e-type=\"widget\" data-widget_type=\"text-editor.default\">\n\t\t\t\t\t\t\t\t\t<p>Las cookies son peque\u00f1os fragmentos de texto enviados por su navegador web desde un sitio al que usted accede. Un archivo de cookie se almacena en su navegador web y permite al Servicio o a un tercero reconocerlo y hacer que su pr\u00f3xima visita sea m\u00e1s f\u00e1cil y el Servicio le resulte m\u00e1s \u00fatil.<\/p><p>\u00a0<\/p><p>Las cookies tambi\u00e9n pueden mejorar su experiencia como cliente puesto que permiten la oferta de publicidad de productos y servicios adaptados a sus intereses individuales como consumidor.<\/p><p>\u00a0<\/p><p>Las cookies pueden ser cookies \u201cpersistentes\u201d o de \u201csesi\u00f3n\u201d.<\/p>\t\t\t\t\t\t\t\t<\/div>\n\t\t\t\t<div class=\"elementor-element elementor-element-f07e867 elementor-widget elementor-widget-heading\" data-id=\"f07e867\" data-element_type=\"widget\" data-e-type=\"widget\" data-widget_type=\"heading.default\">\n\t\t\t\t\t<h2 class=\"elementor-heading-title elementor-size-default\">\u00bfC\u00f3mo utilizamos las cookies?\n<\/h2>\t\t\t\t<\/div>\n\t\t\t\t<div class=\"elementor-element elementor-element-3af142c elementor-widget elementor-widget-text-editor\" data-id=\"3af142c\" data-element_type=\"widget\" data-e-type=\"widget\" data-widget_type=\"text-editor.default\">\n\t\t\t\t\t\t\t\t\t<p class=\"p1\">Cuando usted utiliza y accede al Servicio, podemos colocar una serie de archivos cookie en su navegador web.<\/p><p class=\"p1\">Utilizamos cookies con los siguientes fines: para habilitar determinadas funciones del Servicio, incluyendo las anal\u00edticas.<\/p><p class=\"p1\">En el Servicio utilizamos tanto cookies de sesi\u00f3n como persistentes y utilizamos diferentes tipos de cookies para el funcionamiento del Servicio:<\/p>\t\t\t\t\t\t\t\t<\/div>\n\t\t\t\t<div class=\"elementor-element elementor-element-8ea9555 elementor-widget elementor-widget-heading\" data-id=\"8ea9555\" data-element_type=\"widget\" data-e-type=\"widget\" data-widget_type=\"heading.default\">\n\t\t\t\t\t<h2 class=\"elementor-heading-title elementor-size-default\">1. Cookies de sesi\u00f3n\n<\/h2>\t\t\t\t<\/div>\n\t\t\t\t<div class=\"elementor-element elementor-element-ae6eb31 elementor-widget elementor-widget-text-editor\" data-id=\"ae6eb31\" data-element_type=\"widget\" data-e-type=\"widget\" data-widget_type=\"text-editor.default\">\n\t\t\t\t\t\t\t\t\t<p>Mientras est\u00e1 activo en una p\u00e1gina web, una cookie de sesi\u00f3n se almacena temporalmente en la memoria de su computadora. Esta contiene un identificador de sesi\u00f3n para que, por ejemplo, no tenga que volver a iniciar sesi\u00f3n en cada p\u00e1gina a la que acceda. Las cookies de sesi\u00f3n se eliminan cuando usted cierra la sesi\u00f3n o dejan de ser v\u00e1lidas tras la expiraci\u00f3n autom\u00e1tica de su sesi\u00f3n.<\/p>\t\t\t\t\t\t\t\t<\/div>\n\t\t\t\t<div class=\"elementor-element elementor-element-6fd8cb3 elementor-widget elementor-widget-heading\" data-id=\"6fd8cb3\" data-element_type=\"widget\" data-e-type=\"widget\" data-widget_type=\"heading.default\">\n\t\t\t\t\t<h2 class=\"elementor-heading-title elementor-size-default\">2. Cookies persistentes o de protocolo\n<\/h2>\t\t\t\t<\/div>\n\t\t\t\t<div class=\"elementor-element elementor-element-8c804df elementor-widget elementor-widget-text-editor\" data-id=\"8c804df\" data-element_type=\"widget\" data-e-type=\"widget\" data-widget_type=\"text-editor.default\">\n\t\t\t\t\t\t\t\t\t<p class=\"p1\">Las cookies persistentes o de protocolo guardan archivos en su computadora hasta la fecha de expiraci\u00f3n prevista. Estas cookies permiten que las p\u00e1ginas web recuerden su informaci\u00f3n y configuraci\u00f3n la pr\u00f3xima vez que las visite. Esto facilita y agiliza el acceso a las p\u00e1ginas web; por ejemplo, no es necesario volver a ajustar la configuraci\u00f3n de idioma de nuestro portal cada vez que lo visita. Una vez transcurrida la fecha de expiraci\u00f3n, las cookies se eliminar\u00e1n de forma autom\u00e1tica y dejar\u00e1n de tener efecto la pr\u00f3xima vez que visite el sitio web que las cre\u00f3.<\/p>\t\t\t\t\t\t\t\t<\/div>\n\t\t\t\t<div class=\"elementor-element elementor-element-430c7df elementor-widget elementor-widget-heading\" data-id=\"430c7df\" data-element_type=\"widget\" data-e-type=\"widget\" data-widget_type=\"heading.default\">\n\t\t\t\t\t<h2 class=\"elementor-heading-title elementor-size-default\">3. Cookies de terceros\n<\/h2>\t\t\t\t<\/div>\n\t\t\t\t<div class=\"elementor-element elementor-element-8edeb28 elementor-widget elementor-widget-text-editor\" data-id=\"8edeb28\" data-element_type=\"widget\" data-e-type=\"widget\" data-widget_type=\"text-editor.default\">\n\t\t\t\t\t\t\t\t\t<p class=\"p1\">Las cookies de terceros proceden de proveedores distintos al operador de la p\u00e1gina web. Por ejemplo, pueden utilizarse para recopilar informaci\u00f3n con fines publicitarios o para generar contenidos personalizados y estad\u00edsticas web.<\/p>\t\t\t\t\t\t\t\t<\/div>\n\t\t\t\t<div class=\"elementor-element elementor-element-57a64a7 elementor-widget elementor-widget-heading\" data-id=\"57a64a7\" data-element_type=\"widget\" data-e-type=\"widget\" data-widget_type=\"heading.default\">\n\t\t\t\t\t<h2 class=\"elementor-heading-title elementor-size-default\">4. Cookies Flash\n<\/h2>\t\t\t\t<\/div>\n\t\t\t\t<div class=\"elementor-element elementor-element-d4d4bc8 elementor-widget elementor-widget-text-editor\" data-id=\"d4d4bc8\" data-element_type=\"widget\" data-e-type=\"widget\" data-widget_type=\"text-editor.default\">\n\t\t\t\t\t\t\t\t\t<p class=\"p1\">Las cookies flash se almacenan en su computadora como elementos de datos de las p\u00e1ginas web que utilizan Adobe Flash Player. Las cookies flash no tienen una duraci\u00f3n limitada.<\/p>\t\t\t\t\t\t\t\t<\/div>\n\t\t\t\t<div class=\"elementor-element elementor-element-e3c1535 elementor-widget elementor-widget-heading\" data-id=\"e3c1535\" data-element_type=\"widget\" data-e-type=\"widget\" data-widget_type=\"heading.default\">\n\t\t\t\t\t<h2 class=\"elementor-heading-title elementor-size-default\">Exclusi\u00f3n voluntaria\n<\/h2>\t\t\t\t<\/div>\n\t\t\t\t<div class=\"elementor-element elementor-element-bad8b1a elementor-widget elementor-widget-text-editor\" data-id=\"bad8b1a\" data-element_type=\"widget\" data-e-type=\"widget\" data-widget_type=\"text-editor.default\">\n\t\t\t\t\t\t\t\t\t<p>Si desea eliminar las cookies o indicar a su navegador web que las elimine o rechace, visite estas p\u00e1ginas de ayuda para su navegador web:<\/p><p>\u00a0<\/p>\t\t\t\t\t\t\t\t<\/div>\n\t\t\t\t<div class=\"elementor-element elementor-element-af6afbb elementor-widget elementor-widget-text-editor\" data-id=\"af6afbb\" data-element_type=\"widget\" data-e-type=\"widget\" data-widget_type=\"text-editor.default\">\n\t\t\t\t\t\t\t\t\t<p>- Google Chrome<br \/><a href=\"https:\/\/support.google.com\/chrome\/answer\/95647?hl=en-GB\" target=\"_blank\" rel=\"noopener nofollow external noreferrer\" data-wpel-link=\"external\">https:\/\/support.google.com\/chrome\/answer\/95647?hl=en-GB<\/a><\/p><p>\u00a0<\/p><p>- Mozilla Firefox<br \/><a href=\"https:\/\/support.mozilla.org\/en-US\/kb\/delete-browsing-search-download-history-firefox?redirectlocale=en-US&amp;redirectslug=Clear+Recent+History\" target=\"_blank\" rel=\"noopener nofollow external noreferrer\" data-wpel-link=\"external\">https:\/\/support.mozilla.org\/en-US\/kb\/delete-browsing-search-download-history-firefox?redirectlocale=en-US&amp;redirectslug=Clear+Recent+History<\/a><\/p><p>\u00a0<\/p><p>- Microsoft Internet Explorer<br \/><a href=\"https:\/\/support.microsoft.com\/en-us\/help\/278835\/how-to-delete-cookie-files-in-internet-explorer\" target=\"_blank\" rel=\"noopener nofollow external noreferrer\" data-wpel-link=\"external\">https:\/\/support.microsoft.com\/en-us\/help\/278835\/how-to-delete-cookie-files-in-internet-explorer<\/a><\/p><p>\u00a0<\/p><p>- Safari de Apple<br \/><a href=\"https:\/\/support.apple.com\/guide\/safari\/manage-cookies-and-website-data-sfri11471\/mac\" target=\"_blank\" rel=\"noopener nofollow external noreferrer\" data-wpel-link=\"external\">https:\/\/support.apple.com\/guide\/safari\/manage-cookies-and-website-data-sfri11471\/mac<\/a><\/p><p>\u00a0<\/p><p>Tambi\u00e9n puede visitar\u00a0<a href=\"http:\/\/www.internetcookies.org\/\" target=\"_blank\" rel=\"noopener nofollow external noreferrer\" data-wpel-link=\"external\">www.internetcookies.org<\/a>, que contiene informaci\u00f3n completa sobre c\u00f3mo ajustar la configuraci\u00f3n de las cookies en una amplia variedad de navegadores y dispositivos. Encontrar\u00e1 informaci\u00f3n general sobre las cookies y detalles sobre c\u00f3mo eliminar las cookies de su dispositivo.<\/p><p>\u00a0<\/p><p>No obstante, tenga en cuenta que si elimina las cookies o se niega a aceptarlas, es posible que no pueda utilizar todas las funciones que ofrecemos, que no pueda guardar sus preferencias y que algunas de nuestras p\u00e1ginas no se muestren correctamente.<\/p>\t\t\t\t\t\t\t\t<\/div>\n\t\t\t\t<div class=\"elementor-element elementor-element-b646543 elementor-widget elementor-widget-heading\" data-id=\"b646543\" data-element_type=\"widget\" data-e-type=\"widget\" data-widget_type=\"heading.default\">\n\t\t\t\t\t<h2 class=\"elementor-heading-title elementor-size-default\">C\u00f3mo ponerse en contacto con nosotros<\/h2>\t\t\t\t<\/div>\n\t\t\t\t<div class=\"elementor-element elementor-element-4a5bc38 elementor-widget elementor-widget-text-editor\" data-id=\"4a5bc38\" data-element_type=\"widget\" data-e-type=\"widget\" data-widget_type=\"text-editor.default\">\n\t\t\t\t\t\t\t\t\t<p class=\"p1\">Sede corporativa<\/p><p class=\"p1\">Corporaci\u00f3n Gradiant<\/p><p class=\"p1\">130 New Boston St #200<\/p><p class=\"p1\">Woburn, MA 01801<\/p><p class=\"p1\">communications@gradiant.com<\/p>\t\t\t\t\t\t\t\t<\/div>\n\t\t\t\t\t<\/div>\n\t\t<\/div>\n\t\t\t\t<div class=\"elementor-column elementor-col-33 elementor-top-column elementor-element elementor-element-022e957\" data-id=\"022e957\" data-element_type=\"column\" data-e-type=\"column\">\n\t\t\t<div class=\"elementor-widget-wrap\">\n\t\t\t\t\t\t\t<\/div>\n\t\t<\/div>\n\t\t\t\t\t<\/div>\n\t\t<\/section>\n\t\t\t\t<\/div>","protected":false},"excerpt":{"rendered":"<p>Cookies Policy Last Updated: April 1, 2022 &nbsp; For a better user experience, Gradiant (also referred to as \u201cus\u201d, \u201cwe\u201d, or \u201cour\u201d) uses cookies on www.gradiant.com (the \u201cService\u201d). By using the Service, you consent to the use of cookies. &nbsp; Our Cookie Policy explains what cookies are, how we use cookies, how third-parties we may [&hellip;]<\/p>\n","protected":false},"author":14,"featured_media":0,"parent":0,"menu_order":0,"comment_status":"closed","ping_status":"closed","template":"","meta":{"_acf_changed":false,"inline_featured_image":false,"footnotes":""},"class_list":["post-4515","page","type-page","status-publish","hentry"],"acf":[],"yoast_head":"<!-- This site is optimized with the Yoast SEO plugin v27.4 - https:\/\/yoast.com\/product\/yoast-seo-wordpress\/ -->\n<title>Cookie Policy | Gradiant<\/title>\n<meta name=\"description\" content=\"Learn how Gradiant uses cookies to enhance your experience on our website.\" \/>\n<meta name=\"robots\" content=\"noindex, follow\" \/>\n<meta property=\"og:locale\" content=\"es_ES\" \/>\n<meta property=\"og:type\" content=\"article\" \/>\n<meta property=\"og:title\" content=\"Cookie Policy | Gradiant\" \/>\n<meta property=\"og:description\" content=\"Learn how Gradiant uses cookies to enhance your experience on our website.\" \/>\n<meta property=\"og:url\" content=\"https:\/\/www.gradiant.com\/es\/politica-de-cookies\/\" \/>\n<meta property=\"og:site_name\" content=\"Gradiant\" \/>\n<meta property=\"article:modified_time\" content=\"2025-12-05T10:17:53+00:00\" \/>\n<meta name=\"twitter:card\" content=\"summary_large_image\" \/>\n<meta name=\"twitter:site\" content=\"@Gradiant_Corp\" \/>\n<meta name=\"twitter:label1\" content=\"Tiempo de lectura\" \/>\n\t<meta name=\"twitter:data1\" content=\"3 minutos\" \/>\n<script type=\"application\/ld+json\" class=\"yoast-schema-graph\">{\"@context\":\"https:\\\/\\\/schema.org\",\"@graph\":[{\"@type\":\"WebPage\",\"@id\":\"https:\\\/\\\/www.gradiant.com\\\/cookie-policy\\\/\",\"url\":\"https:\\\/\\\/www.gradiant.com\\\/cookie-policy\\\/\",\"name\":\"Cookie Policy | Gradiant\",\"isPartOf\":{\"@id\":\"https:\\\/\\\/www.gradiant.com\\\/#website\"},\"datePublished\":\"2023-01-12T13:52:35+00:00\",\"dateModified\":\"2025-12-05T10:17:53+00:00\",\"description\":\"Learn how Gradiant uses cookies to enhance your experience on our website.\",\"breadcrumb\":{\"@id\":\"https:\\\/\\\/www.gradiant.com\\\/cookie-policy\\\/#breadcrumb\"},\"inLanguage\":\"es\",\"potentialAction\":[{\"@type\":\"ReadAction\",\"target\":[\"https:\\\/\\\/www.gradiant.com\\\/cookie-policy\\\/\"]}]},{\"@type\":\"BreadcrumbList\",\"@id\":\"https:\\\/\\\/www.gradiant.com\\\/cookie-policy\\\/#breadcrumb\",\"itemListElement\":[{\"@type\":\"ListItem\",\"position\":1,\"name\":\"Gradiant\",\"item\":\"https:\\\/\\\/www.gradiant.com\\\/\"},{\"@type\":\"ListItem\",\"position\":2,\"name\":\"Cookie Policy\"}]},{\"@type\":\"WebSite\",\"@id\":\"https:\\\/\\\/www.gradiant.com\\\/#website\",\"url\":\"https:\\\/\\\/www.gradiant.com\\\/\",\"name\":\"Gradiant\",\"description\":\"\",\"publisher\":{\"@id\":\"https:\\\/\\\/www.gradiant.com\\\/#organization\"},\"potentialAction\":[{\"@type\":\"SearchAction\",\"target\":{\"@type\":\"EntryPoint\",\"urlTemplate\":\"https:\\\/\\\/www.gradiant.com\\\/?s={search_term_string}\"},\"query-input\":{\"@type\":\"PropertyValueSpecification\",\"valueRequired\":true,\"valueName\":\"search_term_string\"}}],\"inLanguage\":\"es\"},{\"@type\":\"Corporation\",\"@id\":\"https:\\\/\\\/www.gradiant.com\\\/#organization\",\"name\":\"Gradiant\",\"legalName\":\"Gradiant Corporation\",\"url\":\"https:\\\/\\\/www.gradiant.com\\\/\",\"description\":\"Gradiant is a global water technology company that designs, builds, and operates advanced water and wastewater treatment systems for industrial clients. An MIT spinout founded in 2013, Gradiant helps companies reduce freshwater consumption, reclaim wastewater, and recover valuable resources through proprietary technologies achieving up to 99% water recovery.\",\"slogan\":\"Ensuring water for generations to come\",\"foundingDate\":\"2013\",\"foundingLocation\":{\"@type\":\"Place\",\"name\":\"Massachusetts Institute of Technology\",\"address\":{\"@type\":\"PostalAddress\",\"addressLocality\":\"Cambridge\",\"addressRegion\":\"MA\",\"addressCountry\":\"US\"}},\"founder\":[{\"@type\":\"Person\",\"name\":\"Anurag Bajpayee\",\"jobTitle\":\"Chief Executive Officer\"},{\"@type\":\"Person\",\"name\":\"Prakash Govindan\",\"jobTitle\":\"Chief Operating Officer\"}],\"numberOfEmployees\":{\"@type\":\"QuantitativeValue\",\"minValue\":1000,\"maxValue\":1500},\"address\":{\"@type\":\"PostalAddress\",\"streetAddress\":\"130 New Boston St, Suite 200\",\"addressLocality\":\"Woburn\",\"addressRegion\":\"MA\",\"postalCode\":\"01801\",\"addressCountry\":\"US\"},\"logo\":{\"@type\":\"ImageObject\",\"@id\":\"https:\\\/\\\/www.gradiant.com\\\/#\\\/schema\\\/logo\\\/image\\\/\",\"url\":\"https:\\\/\\\/www.gradiant.com\\\/wp-content\\\/uploads\\\/2023\\\/01\\\/Gradiant.svg\",\"contentUrl\":\"https:\\\/\\\/www.gradiant.com\\\/wp-content\\\/uploads\\\/2023\\\/01\\\/Gradiant.svg\",\"width\":117,\"height\":26,\"caption\":\"Gradiant\"},\"image\":{\"@id\":\"https:\\\/\\\/www.gradiant.com\\\/#\\\/schema\\\/logo\\\/image\\\/\"},\"sameAs\":[\"https:\\\/\\\/x.com\\\/Gradiant_Corp\",\"https:\\\/\\\/www.linkedin.com\\\/company\\\/gradiant-corporation\\\/\",\"https:\\\/\\\/www.youtube.com\\\/@gradiantcorp\"],\"subOrganization\":[{\"@type\":\"Organization\",\"name\":\"alkaLi\",\"url\":\"https:\\\/\\\/alkali3.com\\\/\",\"description\":\"Gradiant spin-out company specializing in direct lithium extraction from produced water and brines using proprietary EC\u00b2 technology.\"},{\"@type\":\"Organization\",\"name\":\"Gradiant Energy Services\",\"description\":\"Gradiant subsidiary providing produced water treatment solutions for oil and gas operations.\"}],\"areaServed\":{\"@type\":\"Place\",\"name\":\"Worldwide\"},\"knowsAbout\":[\"Industrial water treatment\",\"Wastewater treatment\",\"Water recycling\",\"Desalination\",\"PFAS removal\",\"Ultrapure water\",\"Zero liquid discharge\",\"Direct lithium extraction\",\"Semiconductor water treatment\",\"Produced water treatment\"],\"award\":[\"Global Water Intelligence Water Technology Company of the Year 2024\",\"Global Water Intelligence Water Technology Company of the Year 2022\",\"TIME Best Inventions 2024\",\"Gold Edison Award 2025\",\"Global Cleantech 100 2023\"],\"naics\":\"221310\",\"isicV4\":\"3600\"}]}<\/script>\n<!-- \/ Yoast SEO plugin. -->","yoast_head_json":{"title":"Cookie Policy | Gradiant","description":"Learn how Gradiant uses cookies to enhance your experience on our website.","robots":{"index":"noindex","follow":"follow"},"og_locale":"es_ES","og_type":"article","og_title":"Cookie Policy | Gradiant","og_description":"Learn how Gradiant uses cookies to enhance your experience on our website.","og_url":"https:\/\/www.gradiant.com\/es\/politica-de-cookies\/","og_site_name":"Gradiant","article_modified_time":"2025-12-05T10:17:53+00:00","twitter_card":"summary_large_image","twitter_site":"@Gradiant_Corp","twitter_misc":{"Tiempo de lectura":"3 minutos"},"schema":{"@context":"https:\/\/schema.org","@graph":[{"@type":"WebPage","@id":"https:\/\/www.gradiant.com\/cookie-policy\/","url":"https:\/\/www.gradiant.com\/cookie-policy\/","name":"Cookie Policy | Gradiant","isPartOf":{"@id":"https:\/\/www.gradiant.com\/#website"},"datePublished":"2023-01-12T13:52:35+00:00","dateModified":"2025-12-05T10:17:53+00:00","description":"Learn how Gradiant uses cookies to enhance your experience on our website.","breadcrumb":{"@id":"https:\/\/www.gradiant.com\/cookie-policy\/#breadcrumb"},"inLanguage":"es","potentialAction":[{"@type":"ReadAction","target":["https:\/\/www.gradiant.com\/cookie-policy\/"]}]},{"@type":"BreadcrumbList","@id":"https:\/\/www.gradiant.com\/cookie-policy\/#breadcrumb","itemListElement":[{"@type":"ListItem","position":1,"name":"Gradiant","item":"https:\/\/www.gradiant.com\/"},{"@type":"ListItem","position":2,"name":"Cookie Policy"}]},{"@type":"WebSite","@id":"https:\/\/www.gradiant.com\/#website","url":"https:\/\/www.gradiant.com\/","name":"Gradiant","description":"","publisher":{"@id":"https:\/\/www.gradiant.com\/#organization"},"potentialAction":[{"@type":"SearchAction","target":{"@type":"EntryPoint","urlTemplate":"https:\/\/www.gradiant.com\/?s={search_term_string}"},"query-input":{"@type":"PropertyValueSpecification","valueRequired":true,"valueName":"search_term_string"}}],"inLanguage":"es"},{"@type":"Corporation","@id":"https:\/\/www.gradiant.com\/#organization","name":"Gradiant","legalName":"Gradiant Corporation","url":"https:\/\/www.gradiant.com\/","description":"Gradiant is a global water technology company that designs, builds, and operates advanced water and wastewater treatment systems for industrial clients. An MIT spinout founded in 2013, Gradiant helps companies reduce freshwater consumption, reclaim wastewater, and recover valuable resources through proprietary technologies achieving up to 99% water recovery.","slogan":"Ensuring water for generations to come","foundingDate":"2013","foundingLocation":{"@type":"Place","name":"Massachusetts Institute of Technology","address":{"@type":"PostalAddress","addressLocality":"Cambridge","addressRegion":"MA","addressCountry":"US"}},"founder":[{"@type":"Person","name":"Anurag Bajpayee","jobTitle":"Chief Executive Officer"},{"@type":"Person","name":"Prakash Govindan","jobTitle":"Chief Operating Officer"}],"numberOfEmployees":{"@type":"QuantitativeValue","minValue":1000,"maxValue":1500},"address":{"@type":"PostalAddress","streetAddress":"130 New Boston St, Suite 200","addressLocality":"Woburn","addressRegion":"MA","postalCode":"01801","addressCountry":"US"},"logo":{"@type":"ImageObject","@id":"https:\/\/www.gradiant.com\/#\/schema\/logo\/image\/","url":"https:\/\/www.gradiant.com\/wp-content\/uploads\/2023\/01\/Gradiant.svg","contentUrl":"https:\/\/www.gradiant.com\/wp-content\/uploads\/2023\/01\/Gradiant.svg","width":117,"height":26,"caption":"Gradiant"},"image":{"@id":"https:\/\/www.gradiant.com\/#\/schema\/logo\/image\/"},"sameAs":["https:\/\/x.com\/Gradiant_Corp","https:\/\/www.linkedin.com\/company\/gradiant-corporation\/","https:\/\/www.youtube.com\/@gradiantcorp"],"subOrganization":[{"@type":"Organization","name":"alkaLi","url":"https:\/\/alkali3.com\/","description":"Gradiant spin-out company specializing in direct lithium extraction from produced water and brines using proprietary EC\u00b2 technology."},{"@type":"Organization","name":"Gradiant Energy Services","description":"Gradiant subsidiary providing produced water treatment solutions for oil and gas operations."}],"areaServed":{"@type":"Place","name":"Worldwide"},"knowsAbout":["Industrial water treatment","Wastewater treatment","Water recycling","Desalination","PFAS removal","Ultrapure water","Zero liquid discharge","Direct lithium extraction","Semiconductor water treatment","Produced water treatment"],"award":["Global Water Intelligence Water Technology Company of the Year 2024","Global Water Intelligence Water Technology Company of the Year 2022","TIME Best Inventions 2024","Gold Edison Award 2025","Global Cleantech 100 2023"],"naics":"221310","isicV4":"3600"}]}},"_links":{"self":[{"href":"https:\/\/www.gradiant.com\/es\/wp-json\/wp\/v2\/pages\/4515","targetHints":{"allow":["GET"]}}],"collection":[{"href":"https:\/\/www.gradiant.com\/es\/wp-json\/wp\/v2\/pages"}],"about":[{"href":"https:\/\/www.gradiant.com\/es\/wp-json\/wp\/v2\/types\/page"}],"author":[{"embeddable":true,"href":"https:\/\/www.gradiant.com\/es\/wp-json\/wp\/v2\/users\/14"}],"replies":[{"embeddable":true,"href":"https:\/\/www.gradiant.com\/es\/wp-json\/wp\/v2\/comments?post=4515"}],"version-history":[{"count":0,"href":"https:\/\/www.gradiant.com\/es\/wp-json\/wp\/v2\/pages\/4515\/revisions"}],"wp:attachment":[{"href":"https:\/\/www.gradiant.com\/es\/wp-json\/wp\/v2\/media?parent=4515"}],"curies":[{"name":"wp","href":"https:\/\/api.w.org\/{rel}","templated":true}]}}