{"id":4515,"date":"2023-01-12T13:52:35","date_gmt":"2023-01-12T13:52:35","guid":{"rendered":"https:\/\/www.gradiant.com\/?page_id=4515"},"modified":"2025-12-05T05:17:53","modified_gmt":"2025-12-05T10:17:53","slug":"politique-en-matiere-de-cookies","status":"publish","type":"page","link":"https:\/\/www.gradiant.com\/fr\/cookie-policy\/","title":{"rendered":"Politique en mati\u00e8re de cookies"},"content":{"rendered":"<div data-elementor-type=\"wp-page\" data-elementor-id=\"4515\" class=\"elementor elementor-4515\" data-elementor-post-type=\"page\">\n\t\t\t\t\t\t<section class=\"elementor-section elementor-top-section elementor-element elementor-element-880511c elementor-section-boxed elementor-section-height-default elementor-section-height-default\" data-id=\"880511c\" data-element_type=\"section\" data-e-type=\"section\">\n\t\t\t\t\t\t<div class=\"elementor-container elementor-column-gap-default\">\n\t\t\t\t\t<div class=\"elementor-column elementor-col-33 elementor-top-column elementor-element elementor-element-c9496c5\" data-id=\"c9496c5\" data-element_type=\"column\" data-e-type=\"column\">\n\t\t\t<div class=\"elementor-widget-wrap\">\n\t\t\t\t\t\t\t<\/div>\n\t\t<\/div>\n\t\t\t\t<div class=\"elementor-column elementor-col-33 elementor-top-column elementor-element elementor-element-2f25a24\" data-id=\"2f25a24\" data-element_type=\"column\" data-e-type=\"column\">\n\t\t\t<div class=\"elementor-widget-wrap elementor-element-populated\">\n\t\t\t\t\t\t<div class=\"elementor-element elementor-element-c7ad6bf elementor-widget elementor-widget-heading\" data-id=\"c7ad6bf\" data-element_type=\"widget\" data-e-type=\"widget\" data-widget_type=\"heading.default\">\n\t\t\t\t\t<h1 class=\"elementor-heading-title elementor-size-default\">Politique en mati\u00e8re de cookies\n<\/h1>\t\t\t\t<\/div>\n\t\t\t\t<div class=\"elementor-element elementor-element-fc9a8c8 elementor-widget elementor-widget-text-editor\" data-id=\"fc9a8c8\" data-element_type=\"widget\" data-e-type=\"widget\" data-widget_type=\"text-editor.default\">\n\t\t\t\t\t\t\t\t\t<p><strong>Derni\u00e8re mise \u00e0 jour : 1er avril 2022<\/strong><\/p><p>\u00a0<\/p><p class=\"p1\">Afin d'am\u00e9liorer l'exp\u00e9rience des utilisateurs, Gradiant (\u00e9galement d\u00e9nomm\u00e9 ci-apr\u00e8s \u00ab nous \u00bb, \u00ab nos \u00bb ou \u00ab notre \u00bb) utilise des cookies sur le site www.gradiant.com (le \u00ab Service \u00bb). En utilisant ce Service, vous consentez \u00e0 l'utilisation de cookies.<\/p><p>\u00a0<\/p><p class=\"p1\">Notre politique en mati\u00e8re de cookies explique ce que sont les cookies, comment nous les utilisons, comment des tiers avec lesquels nous avons des partenariats peuvent utiliser des cookies sur le Service, vos choix concernant les cookies et d'autres informations \u00e0 leur sujet.<\/p>\t\t\t\t\t\t\t\t<\/div>\n\t\t\t\t<div class=\"elementor-element elementor-element-f042ed4 elementor-widget elementor-widget-heading\" data-id=\"f042ed4\" data-element_type=\"widget\" data-e-type=\"widget\" data-widget_type=\"heading.default\">\n\t\t\t\t\t<h2 class=\"elementor-heading-title elementor-size-default\">Qu'est-ce que les cookies ?\n<\/h2>\t\t\t\t<\/div>\n\t\t\t\t<div class=\"elementor-element elementor-element-4afa021 elementor-widget elementor-widget-text-editor\" data-id=\"4afa021\" data-element_type=\"widget\" data-e-type=\"widget\" data-widget_type=\"text-editor.default\">\n\t\t\t\t\t\t\t\t\t<p>Les cookies sont de petits morceaux de texte envoy\u00e9s par votre navigateur Web depuis un site Web que vous visitez. Un fichier cookie est stock\u00e9 dans votre navigateur Web et permet au Service ou \u00e0 un tiers de vous reconna\u00eetre, de faciliter votre prochaine visite et de vous offrir un Service plus utile.<\/p><p>\u00a0<\/p><p>Les cookies peuvent \u00e9galement am\u00e9liorer votre exp\u00e9rience client en permettant la diffusion de publicit\u00e9s sur des produits et des services adapt\u00e9s \u00e0 vos centres d'int\u00e9r\u00eat en tant que consommateur.<\/p><p>\u00a0<\/p><p>Les cookies peuvent \u00eatre \u00ab persistants \u00bb ou \u00ab de session \u00bb.<\/p>\t\t\t\t\t\t\t\t<\/div>\n\t\t\t\t<div class=\"elementor-element elementor-element-f07e867 elementor-widget elementor-widget-heading\" data-id=\"f07e867\" data-element_type=\"widget\" data-e-type=\"widget\" data-widget_type=\"heading.default\">\n\t\t\t\t\t<h2 class=\"elementor-heading-title elementor-size-default\">Comment utilisons-nous les cookies ?\n<\/h2>\t\t\t\t<\/div>\n\t\t\t\t<div class=\"elementor-element elementor-element-3af142c elementor-widget elementor-widget-text-editor\" data-id=\"3af142c\" data-element_type=\"widget\" data-e-type=\"widget\" data-widget_type=\"text-editor.default\">\n\t\t\t\t\t\t\t\t\t<p class=\"p1\">Lorsque vous utilisez et acc\u00e9dez au Service, nous pouvons placer un certain nombre de fichiers de cookies dans votre navigateur Web.<\/p><p class=\"p1\">Nous utilisons des cookies aux fins suivantes : pour permettre certaines fonctions du Service, notamment l'analyse.<\/p><p class=\"p1\">Nous utilisons \u00e0 la fois des cookies de session et des cookies persistants dans le cadre du Service et nous utilisons diff\u00e9rents types de cookies pour faire fonctionner le Service :<\/p>\t\t\t\t\t\t\t\t<\/div>\n\t\t\t\t<div class=\"elementor-element elementor-element-8ea9555 elementor-widget elementor-widget-heading\" data-id=\"8ea9555\" data-element_type=\"widget\" data-e-type=\"widget\" data-widget_type=\"heading.default\">\n\t\t\t\t\t<h2 class=\"elementor-heading-title elementor-size-default\">1. Les cookies de session\n<\/h2>\t\t\t\t<\/div>\n\t\t\t\t<div class=\"elementor-element elementor-element-ae6eb31 elementor-widget elementor-widget-text-editor\" data-id=\"ae6eb31\" data-element_type=\"widget\" data-e-type=\"widget\" data-widget_type=\"text-editor.default\">\n\t\t\t\t\t\t\t\t\t<p>Lorsque vous surfez sur une page Web, un cookie de session est temporairement stock\u00e9 dans la m\u00e9moire de votre ordinateur ; il contient un identifiant de session qui vous permet, par exemple, de ne pas devoir vous connecter \u00e0 nouveau pour chaque page \u00e0 laquelle vous acc\u00e9dez. Les cookies de session sont supprim\u00e9s lorsque vous vous d\u00e9connectez, ou cessent d'\u00eatre valides \u00e0 l'expiration automatique de votre session.<\/p>\t\t\t\t\t\t\t\t<\/div>\n\t\t\t\t<div class=\"elementor-element elementor-element-6fd8cb3 elementor-widget elementor-widget-heading\" data-id=\"6fd8cb3\" data-element_type=\"widget\" data-e-type=\"widget\" data-widget_type=\"heading.default\">\n\t\t\t\t\t<h2 class=\"elementor-heading-title elementor-size-default\">2. Les cookies persistants ou de protocole\n<\/h2>\t\t\t\t<\/div>\n\t\t\t\t<div class=\"elementor-element elementor-element-8c804df elementor-widget elementor-widget-text-editor\" data-id=\"8c804df\" data-element_type=\"widget\" data-e-type=\"widget\" data-widget_type=\"text-editor.default\">\n\t\t\t\t\t\t\t\t\t<p class=\"p1\">Les cookies persistants ou de protocole enregistrent des fichiers sur votre ordinateur jusqu'\u00e0 la date d'expiration pr\u00e9vue. Ces cookies permettent aux pages Web de se souvenir de vos informations et de vos param\u00e8tres lors de votre prochaine visite. Cela facilite et acc\u00e9l\u00e8re l'acc\u00e8s aux pages Web ; par exemple, il n'est plus n\u00e9cessaire de r\u00e9ajuster les param\u00e8tres linguistiques de notre portail \u00e0 chaque fois que vous le visitez. \u00c0 l'expiration de leur date de validit\u00e9, les cookies sont automatiquement supprim\u00e9s et ne seront plus actifs lors de votre prochaine visite sur la page Web qui les a g\u00e9n\u00e9r\u00e9s.<\/p>\t\t\t\t\t\t\t\t<\/div>\n\t\t\t\t<div class=\"elementor-element elementor-element-430c7df elementor-widget elementor-widget-heading\" data-id=\"430c7df\" data-element_type=\"widget\" data-e-type=\"widget\" data-widget_type=\"heading.default\">\n\t\t\t\t\t<h2 class=\"elementor-heading-title elementor-size-default\">3. Les cookies de tiers\n<\/h2>\t\t\t\t<\/div>\n\t\t\t\t<div class=\"elementor-element elementor-element-8edeb28 elementor-widget elementor-widget-text-editor\" data-id=\"8edeb28\" data-element_type=\"widget\" data-e-type=\"widget\" data-widget_type=\"text-editor.default\">\n\t\t\t\t\t\t\t\t\t<p class=\"p1\">Les cookies de tiers proviennent de fournisseurs autres que l'op\u00e9rateur de la page Web. Par exemple, ils peuvent \u00eatre utilis\u00e9s pour collecter des informations \u00e0 des fins publicitaires ou pour g\u00e9n\u00e9rer du contenu personnalis\u00e9 et des statistiques Web.<\/p>\t\t\t\t\t\t\t\t<\/div>\n\t\t\t\t<div class=\"elementor-element elementor-element-57a64a7 elementor-widget elementor-widget-heading\" data-id=\"57a64a7\" data-element_type=\"widget\" data-e-type=\"widget\" data-widget_type=\"heading.default\">\n\t\t\t\t\t<h2 class=\"elementor-heading-title elementor-size-default\">4. Les cookies flash\n<\/h2>\t\t\t\t<\/div>\n\t\t\t\t<div class=\"elementor-element elementor-element-d4d4bc8 elementor-widget elementor-widget-text-editor\" data-id=\"d4d4bc8\" data-element_type=\"widget\" data-e-type=\"widget\" data-widget_type=\"text-editor.default\">\n\t\t\t\t\t\t\t\t\t<p class=\"p1\">Les cookies Flash sont stock\u00e9s sur votre ordinateur en tant qu'\u00e9l\u00e9ments de donn\u00e9es des sites Web qui utilisent Adobe Flash Player. Les cookies Flash ne sont pas limit\u00e9s dans le temps.<\/p>\t\t\t\t\t\t\t\t<\/div>\n\t\t\t\t<div class=\"elementor-element elementor-element-e3c1535 elementor-widget elementor-widget-heading\" data-id=\"e3c1535\" data-element_type=\"widget\" data-e-type=\"widget\" data-widget_type=\"heading.default\">\n\t\t\t\t\t<h2 class=\"elementor-heading-title elementor-size-default\">Refus de participer\n<\/h2>\t\t\t\t<\/div>\n\t\t\t\t<div class=\"elementor-element elementor-element-bad8b1a elementor-widget elementor-widget-text-editor\" data-id=\"bad8b1a\" data-element_type=\"widget\" data-e-type=\"widget\" data-widget_type=\"text-editor.default\">\n\t\t\t\t\t\t\t\t\t<p>Si vous souhaitez supprimer les cookies ou demander \u00e0 votre navigateur Web de les supprimer ou de les refuser, veuillez consulter les pages d'aide de votre navigateur Web :<\/p><p>\u00a0<\/p>\t\t\t\t\t\t\t\t<\/div>\n\t\t\t\t<div class=\"elementor-element elementor-element-af6afbb elementor-widget elementor-widget-text-editor\" data-id=\"af6afbb\" data-element_type=\"widget\" data-e-type=\"widget\" data-widget_type=\"text-editor.default\">\n\t\t\t\t\t\t\t\t\t<p>- Google Chrome<br \/><a href=\"https:\/\/support.google.com\/chrome\/answer\/95647?hl=en-GB\" target=\"_blank\" rel=\"noopener nofollow external noreferrer\" data-wpel-link=\"external\">https:\/\/support.google.com\/chrome\/answer\/95647?hl=en-GB<\/a><\/p><p>\u00a0<\/p><p>- Mozilla Firefox<br \/><a href=\"https:\/\/support.mozilla.org\/en-US\/kb\/delete-browsing-search-download-history-firefox?redirectlocale=en-US&amp;redirectslug=Clear+Recent+History\" target=\"_blank\" rel=\"noopener nofollow external noreferrer\" data-wpel-link=\"external\">https:\/\/support.mozilla.org\/en-US\/kb\/delete-browsing-search-download-history-firefox?redirectlocale=en-US&amp;redirectslug=Clear+Recent+History<\/a><\/p><p>\u00a0<\/p><p>- Microsoft Internet Explorer<br \/><a href=\"https:\/\/support.microsoft.com\/en-us\/help\/278835\/how-to-delete-cookie-files-in-internet-explorer\" target=\"_blank\" rel=\"noopener nofollow external noreferrer\" data-wpel-link=\"external\">https:\/\/support.microsoft.com\/en-us\/help\/278835\/how-to-delete-cookie-files-in-internet-explorer<\/a><\/p><p>\u00a0<\/p><p>- Apple Safari<br \/><a href=\"https:\/\/support.apple.com\/guide\/safari\/manage-cookies-and-website-data-sfri11471\/mac\" target=\"_blank\" rel=\"noopener nofollow external noreferrer\" data-wpel-link=\"external\">https:\/\/support.apple.com\/guide\/safari\/manage-cookies-and-website-data-sfri11471\/mac<\/a><\/p><p>\u00a0<\/p><p>Vous pouvez \u00e9galement consulter le\u00a0<a href=\"http:\/\/www.internetcookies.org\/\" target=\"_blank\" rel=\"noopener nofollow external noreferrer\" data-wpel-link=\"external\">www.internetcookies.org<\/a>qui contient des informations compl\u00e8tes sur la mani\u00e8re de r\u00e9gler les param\u00e8tres des cookies sur un grand nombre de navigateurs et d'appareils. Vous y trouverez des informations d\u2019ordre g\u00e9n\u00e9ral sur les cookies et des d\u00e9tails sur la mani\u00e8re de supprimer les cookies de votre appareil.<\/p><p>\u00a0<\/p><p>Veuillez toutefois noter que, si vous supprimez les cookies ou refusez de les accepter, il se peut que vous ne puissiez plus utiliser toutes les fonctions que nous proposons, que vous ne puissiez plus enregistrer vos pr\u00e9f\u00e9rences et que certaines de nos pages ne s'affichent pas correctement.<\/p>\t\t\t\t\t\t\t\t<\/div>\n\t\t\t\t<div class=\"elementor-element elementor-element-b646543 elementor-widget elementor-widget-heading\" data-id=\"b646543\" data-element_type=\"widget\" data-e-type=\"widget\" data-widget_type=\"heading.default\">\n\t\t\t\t\t<h2 class=\"elementor-heading-title elementor-size-default\">Comment nous contacter :<\/h2>\t\t\t\t<\/div>\n\t\t\t\t<div class=\"elementor-element elementor-element-4a5bc38 elementor-widget elementor-widget-text-editor\" data-id=\"4a5bc38\" data-element_type=\"widget\" data-e-type=\"widget\" data-widget_type=\"text-editor.default\">\n\t\t\t\t\t\t\t\t\t<p class=\"p1\">Si\u00e8ge social<\/p><p class=\"p1\">Gradiant Corporation<\/p><p class=\"p1\">130 New Boston St #200<\/p><p class=\"p1\">Walpole, MA 01801<\/p><p class=\"p1\">communications@gradiant.com<\/p>\t\t\t\t\t\t\t\t<\/div>\n\t\t\t\t\t<\/div>\n\t\t<\/div>\n\t\t\t\t<div class=\"elementor-column elementor-col-33 elementor-top-column elementor-element elementor-element-022e957\" data-id=\"022e957\" data-element_type=\"column\" data-e-type=\"column\">\n\t\t\t<div class=\"elementor-widget-wrap\">\n\t\t\t\t\t\t\t<\/div>\n\t\t<\/div>\n\t\t\t\t\t<\/div>\n\t\t<\/section>\n\t\t\t\t<\/div>","protected":false},"excerpt":{"rendered":"<p>Cookies Policy Last Updated: April 1, 2022 &nbsp; For a better user experience, Gradiant (also referred to as \u201cus\u201d, \u201cwe\u201d, or \u201cour\u201d) uses cookies on www.gradiant.com (the \u201cService\u201d). By using the Service, you consent to the use of cookies. &nbsp; Our Cookie Policy explains what cookies are, how we use cookies, how third-parties we may [&hellip;]<\/p>\n","protected":false},"author":14,"featured_media":0,"parent":0,"menu_order":0,"comment_status":"closed","ping_status":"closed","template":"","meta":{"_acf_changed":false,"inline_featured_image":false,"footnotes":""},"class_list":["post-4515","page","type-page","status-publish","hentry"],"acf":[],"yoast_head":"<!-- This site is optimized with the Yoast SEO plugin v27.5 - https:\/\/yoast.com\/product\/yoast-seo-wordpress\/ -->\n<title>Cookie Policy | Gradiant<\/title>\n<meta name=\"description\" content=\"Learn how Gradiant uses cookies to enhance your experience on our website.\" \/>\n<meta name=\"robots\" content=\"noindex, follow\" \/>\n<meta property=\"og:locale\" content=\"fr_FR\" \/>\n<meta property=\"og:type\" content=\"article\" \/>\n<meta property=\"og:title\" content=\"Cookie Policy | Gradiant\" \/>\n<meta property=\"og:description\" content=\"Learn how Gradiant uses cookies to enhance your experience on our website.\" \/>\n<meta property=\"og:url\" content=\"https:\/\/www.gradiant.com\/fr\/politique-en-matiere-de-cookies\/\" \/>\n<meta property=\"og:site_name\" content=\"Gradiant\" \/>\n<meta property=\"article:modified_time\" content=\"2025-12-05T10:17:53+00:00\" \/>\n<meta name=\"twitter:card\" content=\"summary_large_image\" \/>\n<meta name=\"twitter:site\" content=\"@Gradiant_Corp\" \/>\n<meta name=\"twitter:label1\" content=\"Dur\u00e9e de lecture estim\u00e9e\" \/>\n\t<meta name=\"twitter:data1\" content=\"3 minutes\" \/>\n<script type=\"application\/ld+json\" class=\"yoast-schema-graph\">{\"@context\":\"https:\\\/\\\/schema.org\",\"@graph\":[{\"@type\":\"WebPage\",\"@id\":\"https:\\\/\\\/www.gradiant.com\\\/cookie-policy\\\/\",\"url\":\"https:\\\/\\\/www.gradiant.com\\\/cookie-policy\\\/\",\"name\":\"Cookie Policy | Gradiant\",\"isPartOf\":{\"@id\":\"https:\\\/\\\/www.gradiant.com\\\/#website\"},\"datePublished\":\"2023-01-12T13:52:35+00:00\",\"dateModified\":\"2025-12-05T10:17:53+00:00\",\"description\":\"Learn how Gradiant uses cookies to enhance your experience on our website.\",\"breadcrumb\":{\"@id\":\"https:\\\/\\\/www.gradiant.com\\\/cookie-policy\\\/#breadcrumb\"},\"inLanguage\":\"fr-FR\",\"potentialAction\":[{\"@type\":\"ReadAction\",\"target\":[\"https:\\\/\\\/www.gradiant.com\\\/cookie-policy\\\/\"]}]},{\"@type\":\"BreadcrumbList\",\"@id\":\"https:\\\/\\\/www.gradiant.com\\\/cookie-policy\\\/#breadcrumb\",\"itemListElement\":[{\"@type\":\"ListItem\",\"position\":1,\"name\":\"Gradiant\",\"item\":\"https:\\\/\\\/www.gradiant.com\\\/\"},{\"@type\":\"ListItem\",\"position\":2,\"name\":\"Cookie Policy\"}]},{\"@type\":\"WebSite\",\"@id\":\"https:\\\/\\\/www.gradiant.com\\\/#website\",\"url\":\"https:\\\/\\\/www.gradiant.com\\\/\",\"name\":\"Gradiant\",\"description\":\"\",\"publisher\":{\"@id\":\"https:\\\/\\\/www.gradiant.com\\\/#organization\"},\"potentialAction\":[{\"@type\":\"SearchAction\",\"target\":{\"@type\":\"EntryPoint\",\"urlTemplate\":\"https:\\\/\\\/www.gradiant.com\\\/?s={search_term_string}\"},\"query-input\":{\"@type\":\"PropertyValueSpecification\",\"valueRequired\":true,\"valueName\":\"search_term_string\"}}],\"inLanguage\":\"fr-FR\"},{\"@type\":\"Corporation\",\"@id\":\"https:\\\/\\\/www.gradiant.com\\\/#organization\",\"name\":\"Gradiant\",\"legalName\":\"Gradiant Corporation\",\"url\":\"https:\\\/\\\/www.gradiant.com\\\/\",\"description\":\"Gradiant is a global water technology company that designs, builds, and operates advanced water and wastewater treatment systems for industrial clients. An MIT spinout founded in 2013, Gradiant helps companies reduce freshwater consumption, reclaim wastewater, and recover valuable resources through proprietary technologies achieving up to 99% water recovery.\",\"slogan\":\"Ensuring water for generations to come\",\"foundingDate\":\"2013\",\"foundingLocation\":{\"@type\":\"Place\",\"name\":\"Massachusetts Institute of Technology\",\"address\":{\"@type\":\"PostalAddress\",\"addressLocality\":\"Cambridge\",\"addressRegion\":\"MA\",\"addressCountry\":\"US\"}},\"founder\":[{\"@type\":\"Person\",\"name\":\"Anurag Bajpayee\",\"jobTitle\":\"Chief Executive Officer\"},{\"@type\":\"Person\",\"name\":\"Prakash Govindan\",\"jobTitle\":\"Chief Operating Officer\"}],\"numberOfEmployees\":{\"@type\":\"QuantitativeValue\",\"minValue\":1000,\"maxValue\":1500},\"address\":{\"@type\":\"PostalAddress\",\"streetAddress\":\"130 New Boston St, Suite 200\",\"addressLocality\":\"Woburn\",\"addressRegion\":\"MA\",\"postalCode\":\"01801\",\"addressCountry\":\"US\"},\"logo\":{\"@type\":\"ImageObject\",\"@id\":\"https:\\\/\\\/www.gradiant.com\\\/#\\\/schema\\\/logo\\\/image\\\/\",\"url\":\"https:\\\/\\\/www.gradiant.com\\\/wp-content\\\/uploads\\\/2023\\\/01\\\/Gradiant.svg\",\"contentUrl\":\"https:\\\/\\\/www.gradiant.com\\\/wp-content\\\/uploads\\\/2023\\\/01\\\/Gradiant.svg\",\"width\":117,\"height\":26,\"caption\":\"Gradiant\"},\"image\":{\"@id\":\"https:\\\/\\\/www.gradiant.com\\\/#\\\/schema\\\/logo\\\/image\\\/\"},\"sameAs\":[\"https:\\\/\\\/x.com\\\/Gradiant_Corp\",\"https:\\\/\\\/www.linkedin.com\\\/company\\\/gradiant-corporation\\\/\",\"https:\\\/\\\/www.youtube.com\\\/@gradiantcorp\"],\"subOrganization\":[{\"@type\":\"Organization\",\"name\":\"alkaLi\",\"url\":\"https:\\\/\\\/alkali3.com\\\/\",\"description\":\"Gradiant spin-out company specializing in direct lithium extraction from produced water and brines using proprietary EC\u00b2 technology.\"},{\"@type\":\"Organization\",\"name\":\"Gradiant Energy Services\",\"description\":\"Gradiant subsidiary providing produced water treatment solutions for oil and gas operations.\"}],\"areaServed\":{\"@type\":\"Place\",\"name\":\"Worldwide\"},\"knowsAbout\":[\"Industrial water treatment\",\"Wastewater treatment\",\"Water recycling\",\"Desalination\",\"PFAS removal\",\"Ultrapure water\",\"Zero liquid discharge\",\"Direct lithium extraction\",\"Semiconductor water treatment\",\"Produced water treatment\"],\"award\":[\"Global Water Intelligence Water Technology Company of the Year 2024\",\"Global Water Intelligence Water Technology Company of the Year 2022\",\"TIME Best Inventions 2024\",\"Gold Edison Award 2025\",\"Global Cleantech 100 2023\"],\"naics\":\"221310\",\"isicV4\":\"3600\"}]}<\/script>\n<!-- \/ Yoast SEO plugin. -->","yoast_head_json":{"title":"Cookie Policy | Gradiant","description":"Learn how Gradiant uses cookies to enhance your experience on our website.","robots":{"index":"noindex","follow":"follow"},"og_locale":"fr_FR","og_type":"article","og_title":"Cookie Policy | Gradiant","og_description":"Learn how Gradiant uses cookies to enhance your experience on our website.","og_url":"https:\/\/www.gradiant.com\/fr\/politique-en-matiere-de-cookies\/","og_site_name":"Gradiant","article_modified_time":"2025-12-05T10:17:53+00:00","twitter_card":"summary_large_image","twitter_site":"@Gradiant_Corp","twitter_misc":{"Dur\u00e9e de lecture estim\u00e9e":"3 minutes"},"schema":{"@context":"https:\/\/schema.org","@graph":[{"@type":"WebPage","@id":"https:\/\/www.gradiant.com\/cookie-policy\/","url":"https:\/\/www.gradiant.com\/cookie-policy\/","name":"Cookie Policy | Gradiant","isPartOf":{"@id":"https:\/\/www.gradiant.com\/#website"},"datePublished":"2023-01-12T13:52:35+00:00","dateModified":"2025-12-05T10:17:53+00:00","description":"Learn how Gradiant uses cookies to enhance your experience on our website.","breadcrumb":{"@id":"https:\/\/www.gradiant.com\/cookie-policy\/#breadcrumb"},"inLanguage":"fr-FR","potentialAction":[{"@type":"ReadAction","target":["https:\/\/www.gradiant.com\/cookie-policy\/"]}]},{"@type":"BreadcrumbList","@id":"https:\/\/www.gradiant.com\/cookie-policy\/#breadcrumb","itemListElement":[{"@type":"ListItem","position":1,"name":"Gradiant","item":"https:\/\/www.gradiant.com\/"},{"@type":"ListItem","position":2,"name":"Cookie Policy"}]},{"@type":"WebSite","@id":"https:\/\/www.gradiant.com\/#website","url":"https:\/\/www.gradiant.com\/","name":"Gradiant","description":"","publisher":{"@id":"https:\/\/www.gradiant.com\/#organization"},"potentialAction":[{"@type":"SearchAction","target":{"@type":"EntryPoint","urlTemplate":"https:\/\/www.gradiant.com\/?s={search_term_string}"},"query-input":{"@type":"PropertyValueSpecification","valueRequired":true,"valueName":"search_term_string"}}],"inLanguage":"fr-FR"},{"@type":"Corporation","@id":"https:\/\/www.gradiant.com\/#organization","name":"Gradiant","legalName":"Gradiant Corporation","url":"https:\/\/www.gradiant.com\/","description":"Gradiant is a global water technology company that designs, builds, and operates advanced water and wastewater treatment systems for industrial clients. An MIT spinout founded in 2013, Gradiant helps companies reduce freshwater consumption, reclaim wastewater, and recover valuable resources through proprietary technologies achieving up to 99% water recovery.","slogan":"Ensuring water for generations to come","foundingDate":"2013","foundingLocation":{"@type":"Place","name":"Massachusetts Institute of Technology","address":{"@type":"PostalAddress","addressLocality":"Cambridge","addressRegion":"MA","addressCountry":"US"}},"founder":[{"@type":"Person","name":"Anurag Bajpayee","jobTitle":"Chief Executive Officer"},{"@type":"Person","name":"Prakash Govindan","jobTitle":"Chief Operating Officer"}],"numberOfEmployees":{"@type":"QuantitativeValue","minValue":1000,"maxValue":1500},"address":{"@type":"PostalAddress","streetAddress":"130 New Boston St, Suite 200","addressLocality":"Woburn","addressRegion":"MA","postalCode":"01801","addressCountry":"US"},"logo":{"@type":"ImageObject","@id":"https:\/\/www.gradiant.com\/#\/schema\/logo\/image\/","url":"https:\/\/www.gradiant.com\/wp-content\/uploads\/2023\/01\/Gradiant.svg","contentUrl":"https:\/\/www.gradiant.com\/wp-content\/uploads\/2023\/01\/Gradiant.svg","width":117,"height":26,"caption":"Gradiant"},"image":{"@id":"https:\/\/www.gradiant.com\/#\/schema\/logo\/image\/"},"sameAs":["https:\/\/x.com\/Gradiant_Corp","https:\/\/www.linkedin.com\/company\/gradiant-corporation\/","https:\/\/www.youtube.com\/@gradiantcorp"],"subOrganization":[{"@type":"Organization","name":"alkaLi","url":"https:\/\/alkali3.com\/","description":"Gradiant spin-out company specializing in direct lithium extraction from produced water and brines using proprietary EC\u00b2 technology."},{"@type":"Organization","name":"Gradiant Energy Services","description":"Gradiant subsidiary providing produced water treatment solutions for oil and gas operations."}],"areaServed":{"@type":"Place","name":"Worldwide"},"knowsAbout":["Industrial water treatment","Wastewater treatment","Water recycling","Desalination","PFAS removal","Ultrapure water","Zero liquid discharge","Direct lithium extraction","Semiconductor water treatment","Produced water treatment"],"award":["Global Water Intelligence Water Technology Company of the Year 2024","Global Water Intelligence Water Technology Company of the Year 2022","TIME Best Inventions 2024","Gold Edison Award 2025","Global Cleantech 100 2023"],"naics":"221310","isicV4":"3600"}]}},"_links":{"self":[{"href":"https:\/\/www.gradiant.com\/fr\/wp-json\/wp\/v2\/pages\/4515","targetHints":{"allow":["GET"]}}],"collection":[{"href":"https:\/\/www.gradiant.com\/fr\/wp-json\/wp\/v2\/pages"}],"about":[{"href":"https:\/\/www.gradiant.com\/fr\/wp-json\/wp\/v2\/types\/page"}],"author":[{"embeddable":true,"href":"https:\/\/www.gradiant.com\/fr\/wp-json\/wp\/v2\/users\/14"}],"replies":[{"embeddable":true,"href":"https:\/\/www.gradiant.com\/fr\/wp-json\/wp\/v2\/comments?post=4515"}],"version-history":[{"count":0,"href":"https:\/\/www.gradiant.com\/fr\/wp-json\/wp\/v2\/pages\/4515\/revisions"}],"wp:attachment":[{"href":"https:\/\/www.gradiant.com\/fr\/wp-json\/wp\/v2\/media?parent=4515"}],"curies":[{"name":"wp","href":"https:\/\/api.w.org\/{rel}","templated":true}]}}