{"id":11248,"date":"2025-09-01T05:14:23","date_gmt":"2025-09-01T09:14:23","guid":{"rendered":"https:\/\/www.gradiant.com\/?page_id=11248"},"modified":"2026-03-17T09:35:15","modified_gmt":"2026-03-17T13:35:15","slug":"he","status":"publish","type":"page","link":"https:\/\/www.gradiant.com\/it\/he\/","title":{"rendered":"H+E"},"content":{"rendered":"<div data-elementor-type=\"wp-page\" data-elementor-id=\"11248\" class=\"elementor elementor-11248\" data-elementor-post-type=\"page\">\n\t\t\t\t<div class=\"elementor-element elementor-element-d110b3b e-flex e-con-boxed e-con e-parent\" data-id=\"d110b3b\" data-element_type=\"container\" data-e-type=\"container\">\n\t\t\t\t\t<div class=\"e-con-inner\">\n\t\t\t\t\t<\/div>\n\t\t\t\t<\/div>\n\t\t<div class=\"elementor-element elementor-element-b290117 e-con-full e-flex e-con e-parent\" data-id=\"b290117\" data-element_type=\"container\" data-e-type=\"container\" data-settings=\"{&quot;background_background&quot;:&quot;classic&quot;}\">\n\t\t\t\t<div class=\"elementor-element elementor-element-46c2b05 elementor-hidden-tablet elementor-hidden-mobile elementor-widget elementor-widget-image\" data-id=\"46c2b05\" data-element_type=\"widget\" data-e-type=\"widget\" data-widget_type=\"image.default\">\n\t\t\t\t\t\t\t\t\t\t\t\t\t\t\t<img fetchpriority=\"high\" decoding=\"async\" width=\"802\" height=\"111\" src=\"https:\/\/www.gradiant.com\/wp-content\/uploads\/2025\/09\/HEIsNowGradiant.png\" class=\"attachment-full size-full wp-image-11249\" alt=\"\" srcset=\"https:\/\/www.gradiant.com\/wp-content\/uploads\/2025\/09\/HEIsNowGradiant.png 802w, https:\/\/www.gradiant.com\/wp-content\/uploads\/2025\/09\/HEIsNowGradiant-300x42.png 300w, https:\/\/www.gradiant.com\/wp-content\/uploads\/2025\/09\/HEIsNowGradiant-768x106.png 768w, https:\/\/www.gradiant.com\/wp-content\/uploads\/2025\/09\/HEIsNowGradiant-18x2.png 18w, https:\/\/www.gradiant.com\/wp-content\/uploads\/2025\/09\/HEIsNowGradiant-150x21.png 150w\" sizes=\"(max-width: 802px) 100vw, 802px\" \/>\t\t\t\t\t\t\t\t\t\t\t\t\t\t\t<\/div>\n\t\t\t\t<div class=\"elementor-element elementor-element-8b04baf elementor-hidden-widescreen elementor-hidden-desktop elementor-widget elementor-widget-image\" data-id=\"8b04baf\" data-element_type=\"widget\" data-e-type=\"widget\" data-widget_type=\"image.default\">\n\t\t\t\t\t\t\t\t\t\t\t\t\t\t\t<img decoding=\"async\" width=\"340\" height=\"306\" src=\"https:\/\/www.gradiant.com\/wp-content\/uploads\/2025\/09\/HEIsNowGradiant-mobile.png\" class=\"attachment-large size-large wp-image-11250\" alt=\"\" srcset=\"https:\/\/www.gradiant.com\/wp-content\/uploads\/2025\/09\/HEIsNowGradiant-mobile.png 340w, https:\/\/www.gradiant.com\/wp-content\/uploads\/2025\/09\/HEIsNowGradiant-mobile-300x270.png 300w, https:\/\/www.gradiant.com\/wp-content\/uploads\/2025\/09\/HEIsNowGradiant-mobile-13x12.png 13w, https:\/\/www.gradiant.com\/wp-content\/uploads\/2025\/09\/HEIsNowGradiant-mobile-150x135.png 150w\" sizes=\"(max-width: 340px) 100vw, 340px\" \/>\t\t\t\t\t\t\t\t\t\t\t\t\t\t\t<\/div>\n\t\t\t\t<\/div>\n\t\t<div class=\"elementor-element elementor-element-6781225 e-flex e-con-boxed e-con e-parent\" data-id=\"6781225\" data-element_type=\"container\" data-e-type=\"container\">\n\t\t\t\t\t<div class=\"e-con-inner\">\n\t\t\t\t<div class=\"elementor-element elementor-element-f2dab5c text-gradient-secondary elementor-widget elementor-widget-heading\" data-id=\"f2dab5c\" data-element_type=\"widget\" data-e-type=\"widget\" data-widget_type=\"heading.default\">\n\t\t\t\t\t<h2 class=\"elementor-heading-title elementor-size-default\">un tipo diverso di azienda idrica<\/h2>\t\t\t\t<\/div>\n\t\t\t\t<div class=\"elementor-element elementor-element-b46ddc4 elementor-widget__width-inherit elementor-fixed elementor-widget elementor-widget-shortcode\" data-id=\"b46ddc4\" data-element_type=\"widget\" data-e-type=\"widget\" data-settings=\"{&quot;_position&quot;:&quot;fixed&quot;}\" data-widget_type=\"shortcode.default\">\n\t\t\t\t\t\t\t<div class=\"elementor-shortcode\"><svg width=\"100%\" height=\"5\" viewbox=\"0 0 304 5\" fill=\"none\" xmlns=\"http:\/\/www.w3.org\/2000\/svg\">\n\t\t\t\t<line x1=\"2\" y1=\"2.55469\" x2=\"302\" y2=\"2.55469\" stroke=\"#AF31D3\" stroke-width=\"4\" stroke-linecap=\"round\" stroke-dasharray=\"0.1 10\"><\/line>\n\t\t\t<\/svg><\/div>\n\t\t\t\t\t\t<\/div>\n\t\t\t\t\t<\/div>\n\t\t\t\t<\/div>\n\t\t<div class=\"elementor-element elementor-element-f4afd0f e-flex e-con-boxed e-con e-parent\" data-id=\"f4afd0f\" data-element_type=\"container\" data-e-type=\"container\">\n\t\t\t\t\t<div class=\"e-con-inner\">\n\t\t\t\t<div class=\"elementor-element elementor-element-92fa3c7 e-n-tabs-mobile elementor-widget elementor-widget-n-tabs\" data-id=\"92fa3c7\" data-element_type=\"widget\" data-e-type=\"widget\" data-widget_type=\"nested-tabs.default\">\n\t\t\t\t\t\t\t<div class=\"e-n-tabs\" data-widget-number=\"154117063\" aria-label=\"Schede. Apri gli elementi con Invio o Spazio, chiudili con Esc e naviga con i tasti freccia.\">\n\t\t\t<div class=\"e-n-tabs-heading\" role=\"tablist\">\n\t\t\t\t\t<button id=\"e-n-tab-title-1541170631\" data-tab-title-id=\"e-n-tab-title-1541170631\" class=\"e-n-tab-title\" aria-selected=\"true\" data-tab-index=\"1\" role=\"tab\" tabindex=\"0\" aria-controls=\"e-n-tab-content-1541170631\" style=\"--n-tabs-title-order: 1;\">\n\t\t\t\t\t\t<span class=\"e-n-tab-title-text\">\n\t\t\t\tEnglish\t\t\t<\/span>\n\t\t<\/button>\n\t\t\t\t<button id=\"e-n-tab-title-1541170632\" data-tab-title-id=\"e-n-tab-title-1541170632\" class=\"e-n-tab-title\" aria-selected=\"false\" data-tab-index=\"2\" role=\"tab\" tabindex=\"-1\" aria-controls=\"e-n-tab-content-1541170632\" style=\"--n-tabs-title-order: 2;\">\n\t\t\t\t\t\t<span class=\"e-n-tab-title-text\">\n\t\t\t\tDeutsch\t\t\t<\/span>\n\t\t<\/button>\n\t\t\t\t\t<\/div>\n\t\t\t<div class=\"e-n-tabs-content\">\n\t\t\t\t<div id=\"e-n-tab-content-1541170631\" role=\"tabpanel\" aria-labelledby=\"e-n-tab-title-1541170631\" data-tab-index=\"1\" style=\"--n-tabs-title-order: 1;\" class=\"e-active elementor-element elementor-element-c693230 e-con-full e-flex e-con e-child\" data-id=\"c693230\" data-element_type=\"container\" data-e-type=\"container\">\n\t\t\t\t<div class=\"elementor-element elementor-element-26244f5 elementor-widget elementor-widget-text-editor\" data-id=\"26244f5\" data-element_type=\"widget\" data-e-type=\"widget\" data-widget_type=\"text-editor.default\">\n\t\t\t\t\t\t\t\t\t<p>H+E has proudly joined Gradiant \u2014 a global leader in advanced water and wastewater treatment. Together, we serve the world\u2019s essential industries with unmatched technical expertise and a full suite of sustainable, end-to-end water solutions.<\/p>\n<p><br \/>From ultrapure water for semiconductors to industrial wastewater treatment, resource recovery, and chemical optimization, our integration brings more innovation, deeper expertise, and a broader technology portfolio to support your operations.<\/p>\n<p>\u00a0<\/p>\n<p>The integration of H+E with Gradiant has already yielded major project successes. Gradiant and H+E \u2013 stronger together. <b><u><a href=\"https:\/\/www.gradiant.com\/it\/gradiant-si-aggiudica-il-secondo-progetto-di-trattamento-delle-acque-per-il-settore-dei-semiconduttori-a-dresda-completando-al-contempo-lintegrazione-di-tutte-le-sue-attivita-sotto-un-unico-marchio\/\">Read the full story<\/a><\/u><\/b><\/p>\t\t\t\t\t\t\t\t<\/div>\n\t\t\t\t<\/div>\n\t\t<div id=\"e-n-tab-content-1541170632\" role=\"tabpanel\" aria-labelledby=\"e-n-tab-title-1541170632\" data-tab-index=\"2\" style=\"--n-tabs-title-order: 2;\" class=\"elementor-element elementor-element-ea5a961 e-con-full e-flex e-con e-child\" data-id=\"ea5a961\" data-element_type=\"container\" data-e-type=\"container\">\n\t\t\t\t<div class=\"elementor-element elementor-element-9c9c20a elementor-widget elementor-widget-text-editor\" data-id=\"9c9c20a\" data-element_type=\"widget\" data-e-type=\"widget\" data-widget_type=\"text-editor.default\">\n\t\t\t\t\t\t\t\t\t<p>H+E ist stolz darauf, sich Gradiant anzuschlie\u00dfen \u2013 einem weltweit f\u00fchrenden Anbieter fortschrittlicher Wasser- und Abwasseraufbereitung. Gemeinsam bedienen wir die wichtigsten Industrien der Welt mit un\u00fcbertroffener technischer Expertise und einem umfassenden Angebot an nachhaltigen, ganzheitlichen Wasserl\u00f6sungen.<\/p>\n<p>&nbsp;<\/p>\n<p>Von Reinstwasser f\u00fcr Halbleiter \u00fcber industrielle Abwasseraufbereitung bis hin zu Ressourcenr\u00fcckgewinnung und chemischer Optimierung \u2013 unsere Integration bietet mehr Innovation, umfassendes Fachwissen und ein breiteres Technologieportfolio zur Unterst\u00fctzung Ihrer Betriebsabl\u00e4ufe.<\/p>\n<p>&nbsp;<\/p>\n<p>Die Integration von H+E mit Gradiant hat bereits zu bedeutenden Projekterfolgen gef\u00fchrt. Gradiant und H+E \u2013 gemeinsam st\u00e4rker. <b><u><a href=\"https:\/\/www.gradiant.com\/it\/gradiant-si-aggiudica-il-secondo-progetto-di-trattamento-delle-acque-per-il-settore-dei-semiconduttori-a-dresda-completando-al-contempo-lintegrazione-di-tutte-le-sue-attivita-sotto-un-unico-marchio\/\">Lesen Sie die ganze Geschichte<\/a><\/u><\/b><\/p>\t\t\t\t\t\t\t\t<\/div>\n\t\t\t\t<\/div>\n\t\t\t\t\t<\/div>\n\t\t<\/div>\n\t\t\t\t\t\t<\/div>\n\t\t\t\t\t<\/div>\n\t\t\t\t<\/div>\n\t\t<div class=\"elementor-element elementor-element-62c3138 e-flex e-con-boxed e-con e-parent\" data-id=\"62c3138\" data-element_type=\"container\" data-e-type=\"container\" data-settings=\"{&quot;background_background&quot;:&quot;classic&quot;}\">\n\t\t\t\t\t<div class=\"e-con-inner\">\n\t\t\t\t<div class=\"elementor-element elementor-element-0baf685 text-gradient-alt1 elementor-widget elementor-widget-heading\" data-id=\"0baf685\" data-element_type=\"widget\" data-e-type=\"widget\" data-widget_type=\"heading.default\">\n\t\t\t\t\t<h1 class=\"elementor-heading-title elementor-size-default\">YOUR LOCALLY TRUSTED SERVICE TEAM\nBACKED BY GLOBAL STRENGTH<\/h1>\t\t\t\t<\/div>\n\t\t\t\t<div class=\"elementor-element elementor-element-4ed6fc4 elementor-widget elementor-widget-image\" data-id=\"4ed6fc4\" data-element_type=\"widget\" data-e-type=\"widget\" data-widget_type=\"image.default\">\n\t\t\t\t\t\t\t\t\t\t\t\t\t\t\t<img decoding=\"async\" width=\"1024\" height=\"227\" src=\"https:\/\/www.gradiant.com\/wp-content\/uploads\/2025\/09\/Gradiant3images-1-1024x227.jpg\" class=\"attachment-large size-large wp-image-11252\" alt=\"\" srcset=\"https:\/\/www.gradiant.com\/wp-content\/uploads\/2025\/09\/Gradiant3images-1-1024x227.jpg 1024w, https:\/\/www.gradiant.com\/wp-content\/uploads\/2025\/09\/Gradiant3images-1-300x67.jpg 300w, https:\/\/www.gradiant.com\/wp-content\/uploads\/2025\/09\/Gradiant3images-1-768x170.jpg 768w, https:\/\/www.gradiant.com\/wp-content\/uploads\/2025\/09\/Gradiant3images-1-18x4.jpg 18w, https:\/\/www.gradiant.com\/wp-content\/uploads\/2025\/09\/Gradiant3images-1-150x33.jpg 150w, https:\/\/www.gradiant.com\/wp-content\/uploads\/2025\/09\/Gradiant3images-1.jpg 1203w\" sizes=\"(max-width: 1024px) 100vw, 1024px\" \/>\t\t\t\t\t\t\t\t\t\t\t\t\t\t\t<\/div>\n\t\t\t\t<div class=\"elementor-element elementor-element-0e4e90c elementor-widget elementor-widget-text-editor\" data-id=\"0e4e90c\" data-element_type=\"widget\" data-e-type=\"widget\" data-widget_type=\"text-editor.default\">\n\t\t\t\t\t\t\t\t\t<p>The dependable support you\u2019ve always relied on is now elevated by Gradiant\u2019s worldwide expertise and resources.<\/p>\t\t\t\t\t\t\t\t<\/div>\n\t\t\t\t<div class=\"elementor-element elementor-element-eb1aa7a elementor-align-center elementor-widget elementor-widget-button\" data-id=\"eb1aa7a\" data-element_type=\"widget\" data-e-type=\"widget\" data-widget_type=\"button.default\">\n\t\t\t\t\t\t\t\t\t\t<a class=\"elementor-button elementor-button-link elementor-size-sm\" href=\"https:\/\/www.gradiant.com\/it\" https=\"\">\n\t\t\t\t\t\t<span class=\"elementor-button-content-wrapper\">\n\t\t\t\t\t\t\t\t\t<span class=\"elementor-button-text\">Explore gradiant.com<\/span>\n\t\t\t\t\t<\/span>\n\t\t\t\t\t<\/a>\n\t\t\t\t\t\t\t\t<\/div>\n\t\t\t\t\t<\/div>\n\t\t\t\t<\/div>\n\t\t<div class=\"elementor-element elementor-element-b37e16e e-flex e-con-boxed e-con e-parent\" data-id=\"b37e16e\" data-element_type=\"container\" data-e-type=\"container\" data-settings=\"{&quot;background_background&quot;:&quot;classic&quot;}\">\n\t\t\t\t\t<div class=\"e-con-inner\">\n\t\t\t\t<div class=\"elementor-element elementor-element-1839b48 elementor-widget elementor-widget-heading\" data-id=\"1839b48\" data-element_type=\"widget\" data-e-type=\"widget\" data-widget_type=\"heading.default\">\n\t\t\t\t\t<h1 class=\"elementor-heading-title elementor-size-default\">NEED SUPPORT? WE'RE HERE TO HELP.<\/h1>\t\t\t\t<\/div>\n\t\t\t\t<div class=\"elementor-element elementor-element-5168ebf elementor-widget elementor-widget-text-editor\" data-id=\"5168ebf\" data-element_type=\"widget\" data-e-type=\"widget\" data-widget_type=\"text-editor.default\">\n\t\t\t\t\t\t\t\t\t<p><span style=\"color: #ffffff;\">Phone:\u00a0<a style=\"color: #ffffff;\" href=\"tel:+49 (0) 711 7866-0\">+49 (0) 711 7866-0<\/a><\/span><br \/><span style=\"color: #ffffff;\">E-Mail:\u00a0<a style=\"color: #ffffff;\" href=\"mailto:europe@gradiant.com\"><!--email_off-->europe@gradiant.com<!--\/email_off--><\/a><\/span><\/p>\t\t\t\t\t\t\t\t<\/div>\n\t\t\t\t\t<\/div>\n\t\t\t\t<\/div>\n\t\t\t\t<\/div>","protected":false},"excerpt":{"rendered":"<p>a different kind of water company English Deutsch H+E has proudly joined Gradiant \u2014 a global leader in advanced water and wastewater treatment. Together, we serve the world\u2019s essential industries with unmatched technical expertise and a full suite of sustainable, end-to-end water solutions. From ultrapure water for semiconductors to industrial wastewater treatment, resource recovery, and [&hellip;]<\/p>\n","protected":false},"author":14,"featured_media":0,"parent":0,"menu_order":0,"comment_status":"closed","ping_status":"closed","template":"","meta":{"_acf_changed":false,"inline_featured_image":false,"footnotes":""},"class_list":["post-11248","page","type-page","status-publish","hentry"],"acf":[],"yoast_head":"<!-- This site is optimized with the Yoast SEO plugin v27.4 - https:\/\/yoast.com\/product\/yoast-seo-wordpress\/ -->\n<title>H+E - Gradiant<\/title>\n<meta name=\"robots\" content=\"index, follow, max-snippet:-1, max-image-preview:large, max-video-preview:-1\" \/>\n<link rel=\"canonical\" href=\"https:\/\/www.gradiant.com\/it\/he\/\" \/>\n<meta property=\"og:locale\" content=\"it_IT\" \/>\n<meta property=\"og:type\" content=\"article\" \/>\n<meta property=\"og:title\" content=\"H+E - Gradiant\" \/>\n<meta property=\"og:description\" content=\"a different kind of water company English Deutsch H+E has proudly joined Gradiant \u2014 a global leader in advanced water and wastewater treatment. Together, we serve the world\u2019s essential industries with unmatched technical expertise and a full suite of sustainable, end-to-end water solutions. From ultrapure water for semiconductors to industrial wastewater treatment, resource recovery, and [&hellip;]\" \/>\n<meta property=\"og:url\" content=\"https:\/\/www.gradiant.com\/it\/he\/\" \/>\n<meta property=\"og:site_name\" content=\"Gradiant\" \/>\n<meta property=\"article:modified_time\" content=\"2026-03-17T13:35:15+00:00\" \/>\n<meta property=\"og:image\" content=\"https:\/\/www.gradiant.com\/wp-content\/uploads\/2025\/09\/HEIsNowGradiant.png\" \/>\n\t<meta property=\"og:image:width\" content=\"802\" \/>\n\t<meta property=\"og:image:height\" content=\"111\" \/>\n\t<meta property=\"og:image:type\" content=\"image\/png\" \/>\n<meta name=\"twitter:card\" content=\"summary_large_image\" \/>\n<meta name=\"twitter:site\" content=\"@Gradiant_Corp\" \/>\n<meta name=\"twitter:label1\" content=\"Tempo di lettura stimato\" \/>\n\t<meta name=\"twitter:data1\" content=\"2 minuti\" \/>\n<script type=\"application\/ld+json\" class=\"yoast-schema-graph\">{\"@context\":\"https:\\\/\\\/schema.org\",\"@graph\":[{\"@type\":\"WebPage\",\"@id\":\"https:\\\/\\\/www.gradiant.com\\\/he\\\/\",\"url\":\"https:\\\/\\\/www.gradiant.com\\\/he\\\/\",\"name\":\"H+E - Gradiant\",\"isPartOf\":{\"@id\":\"https:\\\/\\\/www.gradiant.com\\\/#website\"},\"primaryImageOfPage\":{\"@id\":\"https:\\\/\\\/www.gradiant.com\\\/he\\\/#primaryimage\"},\"image\":{\"@id\":\"https:\\\/\\\/www.gradiant.com\\\/he\\\/#primaryimage\"},\"thumbnailUrl\":\"https:\\\/\\\/www.gradiant.com\\\/wp-content\\\/uploads\\\/2025\\\/09\\\/HEIsNowGradiant.png\",\"datePublished\":\"2025-09-01T09:14:23+00:00\",\"dateModified\":\"2026-03-17T13:35:15+00:00\",\"breadcrumb\":{\"@id\":\"https:\\\/\\\/www.gradiant.com\\\/he\\\/#breadcrumb\"},\"inLanguage\":\"it-IT\",\"potentialAction\":[{\"@type\":\"ReadAction\",\"target\":[\"https:\\\/\\\/www.gradiant.com\\\/he\\\/\"]}]},{\"@type\":\"ImageObject\",\"inLanguage\":\"it-IT\",\"@id\":\"https:\\\/\\\/www.gradiant.com\\\/he\\\/#primaryimage\",\"url\":\"https:\\\/\\\/www.gradiant.com\\\/wp-content\\\/uploads\\\/2025\\\/09\\\/HEIsNowGradiant.png\",\"contentUrl\":\"https:\\\/\\\/www.gradiant.com\\\/wp-content\\\/uploads\\\/2025\\\/09\\\/HEIsNowGradiant.png\"},{\"@type\":\"BreadcrumbList\",\"@id\":\"https:\\\/\\\/www.gradiant.com\\\/he\\\/#breadcrumb\",\"itemListElement\":[{\"@type\":\"ListItem\",\"position\":1,\"name\":\"Gradiant\",\"item\":\"https:\\\/\\\/www.gradiant.com\\\/\"},{\"@type\":\"ListItem\",\"position\":2,\"name\":\"H+E\"}]},{\"@type\":\"WebSite\",\"@id\":\"https:\\\/\\\/www.gradiant.com\\\/#website\",\"url\":\"https:\\\/\\\/www.gradiant.com\\\/\",\"name\":\"Gradiant\",\"description\":\"\",\"publisher\":{\"@id\":\"https:\\\/\\\/www.gradiant.com\\\/#organization\"},\"potentialAction\":[{\"@type\":\"SearchAction\",\"target\":{\"@type\":\"EntryPoint\",\"urlTemplate\":\"https:\\\/\\\/www.gradiant.com\\\/?s={search_term_string}\"},\"query-input\":{\"@type\":\"PropertyValueSpecification\",\"valueRequired\":true,\"valueName\":\"search_term_string\"}}],\"inLanguage\":\"it-IT\"},{\"@type\":\"Corporation\",\"@id\":\"https:\\\/\\\/www.gradiant.com\\\/#organization\",\"name\":\"Gradiant\",\"legalName\":\"Gradiant Corporation\",\"url\":\"https:\\\/\\\/www.gradiant.com\\\/\",\"description\":\"Gradiant is a global water technology company that designs, builds, and operates advanced water and wastewater treatment systems for industrial clients. An MIT spinout founded in 2013, Gradiant helps companies reduce freshwater consumption, reclaim wastewater, and recover valuable resources through proprietary technologies achieving up to 99% water recovery.\",\"slogan\":\"Ensuring water for generations to come\",\"foundingDate\":\"2013\",\"foundingLocation\":{\"@type\":\"Place\",\"name\":\"Massachusetts Institute of Technology\",\"address\":{\"@type\":\"PostalAddress\",\"addressLocality\":\"Cambridge\",\"addressRegion\":\"MA\",\"addressCountry\":\"US\"}},\"founder\":[{\"@type\":\"Person\",\"name\":\"Anurag Bajpayee\",\"jobTitle\":\"Chief Executive Officer\"},{\"@type\":\"Person\",\"name\":\"Prakash Govindan\",\"jobTitle\":\"Chief Operating Officer\"}],\"numberOfEmployees\":{\"@type\":\"QuantitativeValue\",\"minValue\":1000,\"maxValue\":1500},\"address\":{\"@type\":\"PostalAddress\",\"streetAddress\":\"130 New Boston St, Suite 200\",\"addressLocality\":\"Woburn\",\"addressRegion\":\"MA\",\"postalCode\":\"01801\",\"addressCountry\":\"US\"},\"logo\":{\"@type\":\"ImageObject\",\"@id\":\"https:\\\/\\\/www.gradiant.com\\\/#\\\/schema\\\/logo\\\/image\\\/\",\"url\":\"https:\\\/\\\/www.gradiant.com\\\/wp-content\\\/uploads\\\/2023\\\/01\\\/Gradiant.svg\",\"contentUrl\":\"https:\\\/\\\/www.gradiant.com\\\/wp-content\\\/uploads\\\/2023\\\/01\\\/Gradiant.svg\",\"width\":117,\"height\":26,\"caption\":\"Gradiant\"},\"image\":{\"@id\":\"https:\\\/\\\/www.gradiant.com\\\/#\\\/schema\\\/logo\\\/image\\\/\"},\"sameAs\":[\"https:\\\/\\\/x.com\\\/Gradiant_Corp\",\"https:\\\/\\\/www.linkedin.com\\\/company\\\/gradiant-corporation\\\/\",\"https:\\\/\\\/www.youtube.com\\\/@gradiantcorp\"],\"subOrganization\":[{\"@type\":\"Organization\",\"name\":\"alkaLi\",\"url\":\"https:\\\/\\\/alkali3.com\\\/\",\"description\":\"Gradiant spin-out company specializing in direct lithium extraction from produced water and brines using proprietary EC\u00b2 technology.\"},{\"@type\":\"Organization\",\"name\":\"Gradiant Energy Services\",\"description\":\"Gradiant subsidiary providing produced water treatment solutions for oil and gas operations.\"}],\"areaServed\":{\"@type\":\"Place\",\"name\":\"Worldwide\"},\"knowsAbout\":[\"Industrial water treatment\",\"Wastewater treatment\",\"Water recycling\",\"Desalination\",\"PFAS removal\",\"Ultrapure water\",\"Zero liquid discharge\",\"Direct lithium extraction\",\"Semiconductor water treatment\",\"Produced water treatment\"],\"award\":[\"Global Water Intelligence Water Technology Company of the Year 2024\",\"Global Water Intelligence Water Technology Company of the Year 2022\",\"TIME Best Inventions 2024\",\"Gold Edison Award 2025\",\"Global Cleantech 100 2023\"],\"naics\":\"221310\",\"isicV4\":\"3600\"}]}<\/script>\n<!-- \/ Yoast SEO plugin. -->","yoast_head_json":{"title":"H+E - Gradiant","robots":{"index":"index","follow":"follow","max-snippet":"max-snippet:-1","max-image-preview":"max-image-preview:large","max-video-preview":"max-video-preview:-1"},"canonical":"https:\/\/www.gradiant.com\/it\/he\/","og_locale":"it_IT","og_type":"article","og_title":"H+E - Gradiant","og_description":"a different kind of water company English Deutsch H+E has proudly joined Gradiant \u2014 a global leader in advanced water and wastewater treatment. Together, we serve the world\u2019s essential industries with unmatched technical expertise and a full suite of sustainable, end-to-end water solutions. From ultrapure water for semiconductors to industrial wastewater treatment, resource recovery, and [&hellip;]","og_url":"https:\/\/www.gradiant.com\/it\/he\/","og_site_name":"Gradiant","article_modified_time":"2026-03-17T13:35:15+00:00","og_image":[{"width":802,"height":111,"url":"https:\/\/www.gradiant.com\/wp-content\/uploads\/2025\/09\/HEIsNowGradiant.png","type":"image\/png"}],"twitter_card":"summary_large_image","twitter_site":"@Gradiant_Corp","twitter_misc":{"Tempo di lettura stimato":"2 minuti"},"schema":{"@context":"https:\/\/schema.org","@graph":[{"@type":"WebPage","@id":"https:\/\/www.gradiant.com\/he\/","url":"https:\/\/www.gradiant.com\/he\/","name":"H+E - Gradiant","isPartOf":{"@id":"https:\/\/www.gradiant.com\/#website"},"primaryImageOfPage":{"@id":"https:\/\/www.gradiant.com\/he\/#primaryimage"},"image":{"@id":"https:\/\/www.gradiant.com\/he\/#primaryimage"},"thumbnailUrl":"https:\/\/www.gradiant.com\/wp-content\/uploads\/2025\/09\/HEIsNowGradiant.png","datePublished":"2025-09-01T09:14:23+00:00","dateModified":"2026-03-17T13:35:15+00:00","breadcrumb":{"@id":"https:\/\/www.gradiant.com\/he\/#breadcrumb"},"inLanguage":"it-IT","potentialAction":[{"@type":"ReadAction","target":["https:\/\/www.gradiant.com\/he\/"]}]},{"@type":"ImageObject","inLanguage":"it-IT","@id":"https:\/\/www.gradiant.com\/he\/#primaryimage","url":"https:\/\/www.gradiant.com\/wp-content\/uploads\/2025\/09\/HEIsNowGradiant.png","contentUrl":"https:\/\/www.gradiant.com\/wp-content\/uploads\/2025\/09\/HEIsNowGradiant.png"},{"@type":"BreadcrumbList","@id":"https:\/\/www.gradiant.com\/he\/#breadcrumb","itemListElement":[{"@type":"ListItem","position":1,"name":"Gradiant","item":"https:\/\/www.gradiant.com\/"},{"@type":"ListItem","position":2,"name":"H+E"}]},{"@type":"WebSite","@id":"https:\/\/www.gradiant.com\/#website","url":"https:\/\/www.gradiant.com\/","name":"Gradiant","description":"","publisher":{"@id":"https:\/\/www.gradiant.com\/#organization"},"potentialAction":[{"@type":"SearchAction","target":{"@type":"EntryPoint","urlTemplate":"https:\/\/www.gradiant.com\/?s={search_term_string}"},"query-input":{"@type":"PropertyValueSpecification","valueRequired":true,"valueName":"search_term_string"}}],"inLanguage":"it-IT"},{"@type":"Corporation","@id":"https:\/\/www.gradiant.com\/#organization","name":"Gradiant","legalName":"Gradiant Corporation","url":"https:\/\/www.gradiant.com\/","description":"Gradiant is a global water technology company that designs, builds, and operates advanced water and wastewater treatment systems for industrial clients. An MIT spinout founded in 2013, Gradiant helps companies reduce freshwater consumption, reclaim wastewater, and recover valuable resources through proprietary technologies achieving up to 99% water recovery.","slogan":"Ensuring water for generations to come","foundingDate":"2013","foundingLocation":{"@type":"Place","name":"Massachusetts Institute of Technology","address":{"@type":"PostalAddress","addressLocality":"Cambridge","addressRegion":"MA","addressCountry":"US"}},"founder":[{"@type":"Person","name":"Anurag Bajpayee","jobTitle":"Chief Executive Officer"},{"@type":"Person","name":"Prakash Govindan","jobTitle":"Chief Operating Officer"}],"numberOfEmployees":{"@type":"QuantitativeValue","minValue":1000,"maxValue":1500},"address":{"@type":"PostalAddress","streetAddress":"130 New Boston St, Suite 200","addressLocality":"Woburn","addressRegion":"MA","postalCode":"01801","addressCountry":"US"},"logo":{"@type":"ImageObject","@id":"https:\/\/www.gradiant.com\/#\/schema\/logo\/image\/","url":"https:\/\/www.gradiant.com\/wp-content\/uploads\/2023\/01\/Gradiant.svg","contentUrl":"https:\/\/www.gradiant.com\/wp-content\/uploads\/2023\/01\/Gradiant.svg","width":117,"height":26,"caption":"Gradiant"},"image":{"@id":"https:\/\/www.gradiant.com\/#\/schema\/logo\/image\/"},"sameAs":["https:\/\/x.com\/Gradiant_Corp","https:\/\/www.linkedin.com\/company\/gradiant-corporation\/","https:\/\/www.youtube.com\/@gradiantcorp"],"subOrganization":[{"@type":"Organization","name":"alkaLi","url":"https:\/\/alkali3.com\/","description":"Gradiant spin-out company specializing in direct lithium extraction from produced water and brines using proprietary EC\u00b2 technology."},{"@type":"Organization","name":"Gradiant Energy Services","description":"Gradiant subsidiary providing produced water treatment solutions for oil and gas operations."}],"areaServed":{"@type":"Place","name":"Worldwide"},"knowsAbout":["Industrial water treatment","Wastewater treatment","Water recycling","Desalination","PFAS removal","Ultrapure water","Zero liquid discharge","Direct lithium extraction","Semiconductor water treatment","Produced water treatment"],"award":["Global Water Intelligence Water Technology Company of the Year 2024","Global Water Intelligence Water Technology Company of the Year 2022","TIME Best Inventions 2024","Gold Edison Award 2025","Global Cleantech 100 2023"],"naics":"221310","isicV4":"3600"}]}},"_links":{"self":[{"href":"https:\/\/www.gradiant.com\/it\/wp-json\/wp\/v2\/pages\/11248","targetHints":{"allow":["GET"]}}],"collection":[{"href":"https:\/\/www.gradiant.com\/it\/wp-json\/wp\/v2\/pages"}],"about":[{"href":"https:\/\/www.gradiant.com\/it\/wp-json\/wp\/v2\/types\/page"}],"author":[{"embeddable":true,"href":"https:\/\/www.gradiant.com\/it\/wp-json\/wp\/v2\/users\/14"}],"replies":[{"embeddable":true,"href":"https:\/\/www.gradiant.com\/it\/wp-json\/wp\/v2\/comments?post=11248"}],"version-history":[{"count":0,"href":"https:\/\/www.gradiant.com\/it\/wp-json\/wp\/v2\/pages\/11248\/revisions"}],"wp:attachment":[{"href":"https:\/\/www.gradiant.com\/it\/wp-json\/wp\/v2\/media?parent=11248"}],"curies":[{"name":"wp","href":"https:\/\/api.w.org\/{rel}","templated":true}]}}